{"id":576,"date":"2024-03-06T19:30:33","date_gmt":"2024-03-06T19:30:33","guid":{"rendered":"https:\/\/www.bigbearsultra.sk\/en\/?page_id=576"},"modified":"2025-10-05T16:30:21","modified_gmt":"2025-10-05T16:30:21","slug":"bbu1oo","status":"publish","type":"page","link":"https:\/\/www.bigbearsultra.sk\/en\/bbu1oo\/","title":{"rendered":"BBU 100+"},"content":{"rendered":"\n<figure class=\"wp-block-image alignfull size-large\"><img fetchpriority=\"high\" decoding=\"async\" width=\"1024\" height=\"576\" src=\"https:\/\/www.bigbearsultra.sk\/en\/wp-content\/uploads\/sites\/2\/2024\/11\/BBU100header-1024x576.jpg\" alt=\"BBU100\" class=\"wp-image-2538\" srcset=\"https:\/\/www.bigbearsultra.sk\/en\/wp-content\/uploads\/sites\/2\/2024\/11\/BBU100header-1024x576.jpg 1024w, https:\/\/www.bigbearsultra.sk\/en\/wp-content\/uploads\/sites\/2\/2024\/11\/BBU100header-300x169.jpg 300w, https:\/\/www.bigbearsultra.sk\/en\/wp-content\/uploads\/sites\/2\/2024\/11\/BBU100header-768x432.jpg 768w, https:\/\/www.bigbearsultra.sk\/en\/wp-content\/uploads\/sites\/2\/2024\/11\/BBU100header-1536x864.jpg 1536w, https:\/\/www.bigbearsultra.sk\/en\/wp-content\/uploads\/sites\/2\/2024\/11\/BBU100header-2048x1152.jpg 2048w\" sizes=\"(max-width: 1024px) 100vw, 1024px\" \/><\/figure>\n\n\n\n<h4 class=\"wp-block-heading has-text-align-center\"><strong>Registrations from December 17, 202<\/strong>5<\/h4>\n\n\n<div class=\"wp-block-image\">\n<figure class=\"aligncenter size-full is-resized\"><img decoding=\"async\" width=\"765\" height=\"764\" src=\"https:\/\/www.bigbearsultra.sk\/en\/wp-content\/uploads\/sites\/2\/2024\/11\/BBU100-2025.png\" alt=\"BBU100+\" class=\"wp-image-2486\" style=\"width:250px\" srcset=\"https:\/\/www.bigbearsultra.sk\/en\/wp-content\/uploads\/sites\/2\/2024\/11\/BBU100-2025.png 765w, https:\/\/www.bigbearsultra.sk\/en\/wp-content\/uploads\/sites\/2\/2024\/11\/BBU100-2025-300x300.png 300w, https:\/\/www.bigbearsultra.sk\/en\/wp-content\/uploads\/sites\/2\/2024\/11\/BBU100-2025-150x150.png 150w\" sizes=\"(max-width: 765px) 100vw, 765px\" \/><\/figure>\n<\/div>\n\n\n<h4 class=\"wp-block-heading has-text-align-center has-black-color has-text-color has-link-color has-medium-font-size wp-elements-6fd95ad3cf816a97ac035be787f77d2b\">Our signature race that will take you on the full 118km long loop over the hills and mountains around the city of \u017dilina. <\/h4>\n\n\n\n<div style=\"height:60px\" aria-hidden=\"true\" class=\"wp-block-spacer\"><\/div>\n\n\n\n<div class=\"wp-block-columns is-layout-flex wp-container-core-columns-is-layout-9d6595d7 wp-block-columns-is-layout-flex\">\n<div class=\"wp-block-column is-layout-flow wp-block-column-is-layout-flow\">\n<h3 class=\"wp-block-heading has-text-align-center\"><strong>ITRA POINTS &#8211; 5<\/strong><\/h3>\n\n\n<div class=\"wp-block-image\">\n<figure class=\"aligncenter size-full is-resized\"><img decoding=\"async\" width=\"154\" height=\"90\" src=\"https:\/\/www.bigbearsultra.sk\/en\/wp-content\/uploads\/sites\/2\/2024\/11\/ITRA-052x.png\" alt=\"\" class=\"wp-image-2520\" style=\"width:150px\"\/><\/figure>\n<\/div><\/div>\n\n\n\n<div class=\"wp-block-column is-layout-flow wp-block-column-is-layout-flow\">\n<h3 class=\"wp-block-heading has-text-align-center\">ETC &#8211; L<\/h3>\n\n\n<div class=\"wp-block-image\">\n<figure class=\"aligncenter size-full is-resized\"><img loading=\"lazy\" decoding=\"async\" width=\"484\" height=\"356\" src=\"https:\/\/www.bigbearsultra.sk\/en\/wp-content\/uploads\/sites\/2\/2024\/01\/Logotip_Europe-Trail-Cup_RGB.jpg\" alt=\"\" class=\"wp-image-511\" style=\"width:150px\" srcset=\"https:\/\/www.bigbearsultra.sk\/en\/wp-content\/uploads\/sites\/2\/2024\/01\/Logotip_Europe-Trail-Cup_RGB.jpg 484w, https:\/\/www.bigbearsultra.sk\/en\/wp-content\/uploads\/sites\/2\/2024\/01\/Logotip_Europe-Trail-Cup_RGB-300x221.jpg 300w\" sizes=\"(max-width: 484px) 100vw, 484px\" \/><\/figure>\n<\/div><\/div>\n\n\n\n<div class=\"wp-block-column is-layout-flow wp-block-column-is-layout-flow\">\n<h3 class=\"wp-block-heading has-text-align-center\">UTMB INDEX &#8211; 100M<\/h3>\n\n\n<div class=\"wp-block-image\">\n<figure class=\"aligncenter size-full is-resized\"><img loading=\"lazy\" decoding=\"async\" width=\"3103\" height=\"875\" src=\"https:\/\/www.bigbearsultra.sk\/en\/wp-content\/uploads\/sites\/2\/2023\/03\/Index-100M.png\" alt=\"\" class=\"wp-image-239\" style=\"width:150px\" srcset=\"https:\/\/www.bigbearsultra.sk\/en\/wp-content\/uploads\/sites\/2\/2023\/03\/Index-100M.png 3103w, https:\/\/www.bigbearsultra.sk\/en\/wp-content\/uploads\/sites\/2\/2023\/03\/Index-100M-300x85.png 300w, https:\/\/www.bigbearsultra.sk\/en\/wp-content\/uploads\/sites\/2\/2023\/03\/Index-100M-1024x289.png 1024w, https:\/\/www.bigbearsultra.sk\/en\/wp-content\/uploads\/sites\/2\/2023\/03\/Index-100M-768x217.png 768w, https:\/\/www.bigbearsultra.sk\/en\/wp-content\/uploads\/sites\/2\/2023\/03\/Index-100M-1536x433.png 1536w, https:\/\/www.bigbearsultra.sk\/en\/wp-content\/uploads\/sites\/2\/2023\/03\/Index-100M-2048x578.png 2048w\" sizes=\"(max-width: 3103px) 100vw, 3103px\" \/><\/figure>\n<\/div><\/div>\n<\/div>\n\n\n\n<div style=\"height:60px\" aria-hidden=\"true\" class=\"wp-block-spacer\"><\/div>\n\n\n<div class=\"wp-block-image\">\n<figure class=\"aligncenter size-full is-resized\"><img loading=\"lazy\" decoding=\"async\" width=\"2560\" height=\"2560\" src=\"https:\/\/www.bigbearsultra.sk\/en\/wp-content\/uploads\/sites\/2\/2025\/10\/BBU100-distance-info-2026-scaled.jpg\" alt=\"\" class=\"wp-image-2768\" style=\"width:500px\" srcset=\"https:\/\/www.bigbearsultra.sk\/en\/wp-content\/uploads\/sites\/2\/2025\/10\/BBU100-distance-info-2026-scaled.jpg 2560w, https:\/\/www.bigbearsultra.sk\/en\/wp-content\/uploads\/sites\/2\/2025\/10\/BBU100-distance-info-2026-300x300.jpg 300w, https:\/\/www.bigbearsultra.sk\/en\/wp-content\/uploads\/sites\/2\/2025\/10\/BBU100-distance-info-2026-1024x1024.jpg 1024w, https:\/\/www.bigbearsultra.sk\/en\/wp-content\/uploads\/sites\/2\/2025\/10\/BBU100-distance-info-2026-150x150.jpg 150w, https:\/\/www.bigbearsultra.sk\/en\/wp-content\/uploads\/sites\/2\/2025\/10\/BBU100-distance-info-2026-768x768.jpg 768w, https:\/\/www.bigbearsultra.sk\/en\/wp-content\/uploads\/sites\/2\/2025\/10\/BBU100-distance-info-2026-1536x1536.jpg 1536w, https:\/\/www.bigbearsultra.sk\/en\/wp-content\/uploads\/sites\/2\/2025\/10\/BBU100-distance-info-2026-2048x2048.jpg 2048w\" sizes=\"(max-width: 2560px) 100vw, 2560px\" \/><\/figure>\n<\/div>\n\n\n<h4 class=\"wp-block-heading has-text-align-center has-medium-font-size\">Distance: 118km &#8211; Elevation gain: 6300m &#8211; Start 19.9.2026, 6:00AM<\/h4>\n\n\n\n<div style=\"height:60px\" aria-hidden=\"true\" class=\"wp-block-spacer\"><\/div>\n\n\n\n<h3 class=\"wp-block-heading has-text-align-center\">BBU 100+ route:&nbsp;<\/h3>\n\n\n\n<p>Budat\u00edn Castle &#8211; Dube\u0148 &#8211; <strong>Stran\u00edk (CP1)<\/strong> &#8211; Kotr\u010din\u00e1 L\u00fa\u010dka &#8211; Sedlo \u017diarce &#8211; Lysica &#8211; <strong>Bel\u00e1 (CP2)<\/strong> &#8211; <strong>Snilovsk\u00e9 Sedlo (CP3)<\/strong> &#8211; Ve\u013ek\u00fd Kriv\u00e1\u0148 &#8211; Mal\u00fd Kriv\u00e1\u0148 &#8211; Such\u00fd &#8211; <strong>Chata pod Such\u00fdm (CP4)<\/strong> &#8211; Nezbudsk\u00e1 L\u00fa\u010dka &#8211; <strong>Stre\u010dno (CP5)<\/strong> &#8211; \u0160pic\u00e1k &#8211; <strong>Sedlo Javorina (CP6)<\/strong> &#8211; Min\u010dol &#8211; Pod Kr\u00ed\u017eavou &#8211; Kobylie &#8211; \u010cip\u010die &#8211; <strong>Turie (CP7)<\/strong> &#8211; Por\u00fabka (brod) &#8211; Skalky &#8211; Tlst\u00e1 Hora &#8211; <strong>Dielnice (CP8)<\/strong> &#8211; Budzog\u00e1\u0148 &#8211; \u017dibrid &#8211; Sedlo Pat\u00fach &#8211; Ke\u010dka &#8211; Roh\u00e1\u010dske sedlo &#8211; <strong>Hrad Hri\u010dov (CP9)<\/strong> &#8211; Hri\u010dovsk\u00e9 Podhradie &#8211; <strong>Ov\u010diarsko (CP10)<\/strong> &#8211; Hradisko &#8211; Str\u00e1\u017eov &#8211; Budat\u00edn<\/p>\n\n\n\n<figure class=\"wp-block-table\"><table><tbody><tr><td><\/td><td>Vzdialenos\u0165 \/ Distance (km)<\/td><td>Akumulovan\u00e9 \/ Cumulative (km)<\/td><td>Prev\u00fd\u0161enie \/ Elevation gain (m)<\/td><td>Akumulovan\u00e9 \/ Cumulative (m)<\/td><\/tr><tr><td><strong>START &#8211; CP1<\/strong><\/td><td>10.5<\/td><td>10.5<\/td><td>400<\/td><td>400<\/td><\/tr><tr><td><strong>CP1 &#8211; CP2<\/strong><\/td><td>16<\/td><td>26.5<\/td><td>550<\/td><td>950<\/td><\/tr><tr><td><strong>CP2 &#8211; CP3<\/strong><\/td><td>11<\/td><td>37.5<\/td><td>1150<\/td><td>2100<\/td><\/tr><tr><td><strong>CP3 &#8211; CP4<\/strong><\/td><td>11<\/td><td>48.5<\/td><td>650<\/td><td>2750<\/td><\/tr><tr><td><strong>CP4 &#8211; CP5<\/strong><\/td><td>7.5<\/td><td>56<\/td><td>50<\/td><td>2800<\/td><\/tr><tr><td><strong>CP5 &#8211; CP6<\/strong><\/td><td>5<\/td><td>61<\/td><td>700<\/td><td>3500<\/td><\/tr><tr><td><strong>CP6 &#8211; CP7<\/strong><\/td><td>17<\/td><td>78<\/td><td>800<\/td><td>4300<\/td><\/tr><tr><td><strong>CP7 &#8211; CP8<\/strong><\/td><td>10<\/td><td>88<\/td><td>500<\/td><td>4800<\/td><\/tr><tr><td><strong>CP8 &#8211; CP<\/strong>9<\/td><td>15<\/td><td>103<\/td><td>1100<\/td><td>5900<\/td><\/tr><tr><td><strong>CP9 &#8211; CP10<\/strong><\/td><td>5<\/td><td>108<\/td><td>200<\/td><td>6100<\/td><\/tr><tr><td><strong>CP10 &#8211; FINISH<\/strong><\/td><td>10<\/td><td>118<\/td><td>200<\/td><td>6300<\/td><\/tr><\/tbody><\/table><\/figure>\n\n\n\n<h4 class=\"wp-block-heading has-text-align-center has-medium-font-size\"><a href=\"https:\/\/www.bigbearsultra.sk\/en\/bbu-cp\/\" target=\"_blank\" rel=\"noreferrer noopener\"><strong>Checkpoints and refreshments stations &#8211; (link):<\/strong><\/a><\/h4>\n\n\n\n<div style=\"height:60px\" aria-hidden=\"true\" class=\"wp-block-spacer\"><\/div>\n\n\n<div class=\"wp-block-image\">\n<figure class=\"aligncenter size-large\"><img loading=\"lazy\" decoding=\"async\" width=\"1024\" height=\"733\" src=\"https:\/\/www.bigbearsultra.sk\/en\/wp-content\/uploads\/sites\/2\/2023\/03\/BBU100-route-profile-1024x733.png\" alt=\"\" class=\"wp-image-240\" srcset=\"https:\/\/www.bigbearsultra.sk\/en\/wp-content\/uploads\/sites\/2\/2023\/03\/BBU100-route-profile-1024x733.png 1024w, https:\/\/www.bigbearsultra.sk\/en\/wp-content\/uploads\/sites\/2\/2023\/03\/BBU100-route-profile-300x215.png 300w, https:\/\/www.bigbearsultra.sk\/en\/wp-content\/uploads\/sites\/2\/2023\/03\/BBU100-route-profile-768x550.png 768w, https:\/\/www.bigbearsultra.sk\/en\/wp-content\/uploads\/sites\/2\/2023\/03\/BBU100-route-profile-1536x1099.png 1536w, https:\/\/www.bigbearsultra.sk\/en\/wp-content\/uploads\/sites\/2\/2023\/03\/BBU100-route-profile.png 1794w\" sizes=\"(max-width: 1024px) 100vw, 1024px\" \/><\/figure>\n<\/div>\n\n\n<div class=\"wp-block-columns is-layout-flex wp-container-core-columns-is-layout-9d6595d7 wp-block-columns-is-layout-flex\">\n<div class=\"wp-block-column is-layout-flow wp-block-column-is-layout-flow\" style=\"flex-basis:5%\"><\/div>\n\n\n\n<div class=\"wp-block-column is-layout-flow wp-block-column-is-layout-flow\" style=\"flex-basis:90%\">\n<iframe src=\"https:\/\/www.google.com\/maps\/d\/u\/0\/embed?mid=1ukdFtrUohy_U1WMQjtCgZuperGgmZqc&#038;ehbc=2E312F&#038;noprof=1\" width=\"640\" height=\"480\"><\/iframe>\n<\/div>\n\n\n\n<div class=\"wp-block-column is-layout-flow wp-block-column-is-layout-flow\" style=\"flex-basis:5%\"><\/div>\n<\/div>\n\n\n\n<p>Budat\u00edn &#8211; Z\u00e1stranie &#8211; red tourist trail <strong>-&gt;<\/strong> Z\u00e1stranie &#8211; Stran\u00edk &#8211; Z\u00e1stranie &#8211; yellow tourist trail <strong>-&gt;<\/strong> Z\u00e1stranie &#8211; Sedlo \u017diarce &#8211; red tourist trail <strong>-&gt;<\/strong> Sedlo \u017diarce &#8211; Lysica &#8211; yellow tourist trail <strong>-&gt;<\/strong> Lysica &#8211; Bel\u00e1 &#8211; public road, biking trail <strong>-&gt;<\/strong> Bel\u00e1 &#8211; Mal\u00e1 Br\u00e1nica &#8211; yellow tourist trail <strong>-&gt;<\/strong> Mal\u00e1 Br\u00e1nica &#8211; Sedlo na koni &#8211; green tourist trail <strong>-&gt;<\/strong> Sedlo na koni &#8211; Chrap\u00e1ky &#8211; yellow tourist trail <strong>-&gt;<\/strong> Chrap\u00e1ky &#8211; Stanica lanovky &#8211; blue tourist trail <strong>-&gt;<\/strong> Stanica lanovky &#8211; Snilovsk\u00e9 Sedlo &#8211; green tourist trail <strong>-&gt;<\/strong> Snilovsk\u00e9 Sedlo &#8211; Ve\u013ek\u00fd Kriv\u00e1\u0148 &#8211; Stre\u010dno &#8211;&nbsp; red tourist trail <strong>-&gt;<\/strong> Stre\u010dno &#8211; Sedlo pod Koj\u0161ovou &#8211; yellow tourist trail <strong>-&gt;<\/strong> Sedlo pod Koj\u0161ovou &#8211; Sedlo Javorina &#8211; blue tourist trail <strong>-&gt;<\/strong> Sedlo Javorina &#8211; Pod Kr\u00ed\u017eavou &#8211; red tourist trail <strong>-&gt;<\/strong> Pod Kr\u00ed\u017eavou &#8211; Pod Ostr\u00fdm &#8211; green tourist trail <strong>-&gt;<\/strong> Pod Ostr\u00fdm &#8211; Turie &#8211; blue tourist trail <strong>-&gt;<\/strong> Turie &#8211; Por\u00fabka river crossing &#8211; public road <strong>-&gt;<\/strong> Por\u00fabka river crossing &#8211; under Tlst\u00e1 hora &#8211; blue tourist trail <strong>-&gt;<\/strong> Tlst\u00e1 hora and descent from Tlst\u00e1 hora &#8211; no name trail <strong>-&gt;<\/strong> below Tlst\u00e1 hora reconnect to blue tourist trail all the way to Dielnice &#8211; blue trail <strong>-&gt;<\/strong> Dienice &#8211; \u017dibrid &#8211; green trail Straten\u00fd budzog\u00e1\u0148 <strong>-&gt;<\/strong> \u017dibrid &#8211; Pod Roh\u00e1\u010dom &#8211; green tourist trail <strong>-&gt;<\/strong> Pod Roh\u00e1\u010dom &#8211; Hri\u010dovsk\u00e9 Podhradie &#8211; Ov\u010diarsko &#8211; Str\u00e1\u017eov &#8211; red tourist trail <strong>-&gt;<\/strong> Str\u00e1\u017eov &#8211; Budat\u00edn &#8211; public roads &#8211; final routing will be confirmed according to the road closure and renovation situation in the city at the time of the race<\/p>\n\n\n\n<div style=\"height:60px\" aria-hidden=\"true\" class=\"wp-block-spacer\"><\/div>\n\n\n\n<figure class=\"wp-block-image size-full\"><img loading=\"lazy\" decoding=\"async\" width=\"2560\" height=\"1117\" src=\"https:\/\/www.bigbearsultra.sk\/en\/wp-content\/uploads\/sites\/2\/2024\/09\/BBU-100-Trail-Colour-Guide-scaled.jpg\" alt=\"\" class=\"wp-image-674\" srcset=\"https:\/\/www.bigbearsultra.sk\/en\/wp-content\/uploads\/sites\/2\/2024\/09\/BBU-100-Trail-Colour-Guide-scaled.jpg 2560w, https:\/\/www.bigbearsultra.sk\/en\/wp-content\/uploads\/sites\/2\/2024\/09\/BBU-100-Trail-Colour-Guide-300x131.jpg 300w, https:\/\/www.bigbearsultra.sk\/en\/wp-content\/uploads\/sites\/2\/2024\/09\/BBU-100-Trail-Colour-Guide-1024x447.jpg 1024w, https:\/\/www.bigbearsultra.sk\/en\/wp-content\/uploads\/sites\/2\/2024\/09\/BBU-100-Trail-Colour-Guide-768x335.jpg 768w, https:\/\/www.bigbearsultra.sk\/en\/wp-content\/uploads\/sites\/2\/2024\/09\/BBU-100-Trail-Colour-Guide-1536x670.jpg 1536w, https:\/\/www.bigbearsultra.sk\/en\/wp-content\/uploads\/sites\/2\/2024\/09\/BBU-100-Trail-Colour-Guide-2048x894.jpg 2048w\" sizes=\"(max-width: 2560px) 100vw, 2560px\" \/><\/figure>\n\n\n\n<div class=\"wp-block-columns is-layout-flex wp-container-core-columns-is-layout-9d6595d7 wp-block-columns-is-layout-flex\">\n<div class=\"wp-block-column is-layout-flow wp-block-column-is-layout-flow\" style=\"flex-basis:5%\"><\/div>\n\n\n\n<div class=\"wp-block-column is-layout-flow wp-block-column-is-layout-flow\" style=\"flex-basis:90%\">\n<div style=\"width: 100%; min-width: 400px; max-width: 800px;\">\n<div style=\"position: relative; width: 100%; overflow: hidden; padding-top: 56.25%;\">\n<p><iframe align=\"middle\" style=\"position: absolute; top: 0; left: 0; right: 0; width: 100%; height: 100%; border: none;\" src=\"https:\/\/www.youtube.com\/embed\/I8_ocdZLeUk?si=hzE6dC2b66IDkunj\" width=\"560\" height=\"315\" allowfullscreen=\"allowfullscreen\"><\/iframe><\/p>\n<\/div>\n<\/div>\n<\/div>\n\n\n\n<div class=\"wp-block-column is-layout-flow wp-block-column-is-layout-flow\" style=\"flex-basis:5%\"><\/div>\n<\/div>\n\n\n\n<div style=\"height:100px\" aria-hidden=\"true\" class=\"wp-block-spacer\"><\/div>\n","protected":false},"excerpt":{"rendered":"<p>Registrations from December 17, 2025 Our signature race that will take you on the full 118km long loop over the hills and mountains around the city of \u017dilina. ITRA POINTS &#8211; 5 ETC &#8211; L UTMB INDEX &#8211; 100M Distance: 118km &#8211; Elevation gain: 6300m &#8211; Start 19.9.2026, 6:00AM BBU 100+ route:&nbsp; Budat\u00edn Castle &#8211;&hellip;<\/p>\n","protected":false},"author":1,"featured_media":0,"parent":0,"menu_order":0,"comment_status":"closed","ping_status":"closed","template":"","meta":{"om_disable_all_campaigns":false,"_uf_show_specific_survey":0,"_uf_disable_surveys":false,"footnotes":""},"class_list":["post-576","page","type-page","status-publish","hentry","description-off"],"yoast_head":"<!-- This site is optimized with the Yoast SEO plugin v26.5 - https:\/\/yoast.com\/wordpress\/plugins\/seo\/ -->\n<title>BBU 100+ - Big Bears Ultra (English)<\/title>\n<meta name=\"description\" content=\"Big Bear&#039;s Ultra 100+ (BBU100+) - Our signature race that will take you on the full 118km long loop over the hills and mountains around the city of \u017dilina. Distance: 118km - Elevation gain: 6300m\" \/>\n<meta name=\"robots\" content=\"index, follow, max-snippet:-1, max-image-preview:large, max-video-preview:-1\" \/>\n<link rel=\"canonical\" href=\"https:\/\/www.bigbearsultra.sk\/en\/bbu1oo\/\" \/>\n<meta property=\"og:locale\" content=\"en_US\" \/>\n<meta property=\"og:type\" content=\"article\" \/>\n<meta property=\"og:title\" content=\"BBU 100+ - Big Bears Ultra (English)\" \/>\n<meta property=\"og:description\" content=\"Big Bear&#039;s Ultra 100+ (BBU100+) - Our signature race that will take you on the full 118km long loop over the hills and mountains around the city of \u017dilina. Distance: 118km - Elevation gain: 6300m\" \/>\n<meta property=\"og:url\" content=\"https:\/\/www.bigbearsultra.sk\/en\/bbu1oo\/\" \/>\n<meta property=\"og:site_name\" content=\"Big Bears Ultra (English)\" \/>\n<meta property=\"article:modified_time\" content=\"2025-10-05T16:30:21+00:00\" \/>\n<meta property=\"og:image\" content=\"https:\/\/www.bigbearsultra.sk\/en\/wp-content\/uploads\/sites\/2\/2024\/11\/BBU100header-1024x576.jpg\" \/>\n\t<meta property=\"og:image:width\" content=\"1024\" \/>\n\t<meta property=\"og:image:height\" content=\"576\" \/>\n\t<meta property=\"og:image:type\" content=\"image\/jpeg\" \/>\n<meta name=\"twitter:card\" content=\"summary_large_image\" \/>\n<meta name=\"twitter:label1\" content=\"Est. reading time\" \/>\n\t<meta name=\"twitter:data1\" content=\"4 minutes\" \/>\n<script type=\"application\/ld+json\" class=\"yoast-schema-graph\">{\"@context\":\"https:\/\/schema.org\",\"@graph\":[{\"@type\":\"WebPage\",\"@id\":\"https:\/\/www.bigbearsultra.sk\/en\/bbu1oo\/\",\"url\":\"https:\/\/www.bigbearsultra.sk\/en\/bbu1oo\/\",\"name\":\"BBU 100+ - Big Bears Ultra (English)\",\"isPartOf\":{\"@id\":\"https:\/\/www.bigbearsultra.sk\/en\/#website\"},\"primaryImageOfPage\":{\"@id\":\"https:\/\/www.bigbearsultra.sk\/en\/bbu1oo\/#primaryimage\"},\"image\":{\"@id\":\"https:\/\/www.bigbearsultra.sk\/en\/bbu1oo\/#primaryimage\"},\"thumbnailUrl\":\"https:\/\/www.bigbearsultra.sk\/en\/wp-content\/uploads\/sites\/2\/2024\/11\/BBU100header-1024x576.jpg\",\"datePublished\":\"2024-03-06T19:30:33+00:00\",\"dateModified\":\"2025-10-05T16:30:21+00:00\",\"description\":\"Big Bear's Ultra 100+ (BBU100+) - Our signature race that will take you on the full 118km long loop over the hills and mountains around the city of \u017dilina. Distance: 118km - Elevation gain: 6300m\",\"breadcrumb\":{\"@id\":\"https:\/\/www.bigbearsultra.sk\/en\/bbu1oo\/#breadcrumb\"},\"inLanguage\":\"en-US\",\"potentialAction\":[{\"@type\":\"ReadAction\",\"target\":[\"https:\/\/www.bigbearsultra.sk\/en\/bbu1oo\/\"]}]},{\"@type\":\"ImageObject\",\"inLanguage\":\"en-US\",\"@id\":\"https:\/\/www.bigbearsultra.sk\/en\/bbu1oo\/#primaryimage\",\"url\":\"https:\/\/www.bigbearsultra.sk\/en\/wp-content\/uploads\/sites\/2\/2024\/11\/BBU100header.jpg\",\"contentUrl\":\"https:\/\/www.bigbearsultra.sk\/en\/wp-content\/uploads\/sites\/2\/2024\/11\/BBU100header.jpg\",\"width\":2401,\"height\":1351,\"caption\":\"BBU100\"},{\"@type\":\"BreadcrumbList\",\"@id\":\"https:\/\/www.bigbearsultra.sk\/en\/bbu1oo\/#breadcrumb\",\"itemListElement\":[{\"@type\":\"ListItem\",\"position\":1,\"name\":\"Home\",\"item\":\"https:\/\/www.bigbearsultra.sk\/en\/\"},{\"@type\":\"ListItem\",\"position\":2,\"name\":\"BBU 100+\"}]},{\"@type\":\"WebSite\",\"@id\":\"https:\/\/www.bigbearsultra.sk\/en\/#website\",\"url\":\"https:\/\/www.bigbearsultra.sk\/en\/\",\"name\":\"Big Bears Ultra (English)\",\"description\":\"\u017dilina Ultra Trail\",\"publisher\":{\"@id\":\"https:\/\/www.bigbearsultra.sk\/en\/#organization\"},\"potentialAction\":[{\"@type\":\"SearchAction\",\"target\":{\"@type\":\"EntryPoint\",\"urlTemplate\":\"https:\/\/www.bigbearsultra.sk\/en\/?s={search_term_string}\"},\"query-input\":{\"@type\":\"PropertyValueSpecification\",\"valueRequired\":true,\"valueName\":\"search_term_string\"}}],\"inLanguage\":\"en-US\"},{\"@type\":\"Organization\",\"@id\":\"https:\/\/www.bigbearsultra.sk\/en\/#organization\",\"name\":\"Big Bears Ultra (English)\",\"url\":\"https:\/\/www.bigbearsultra.sk\/en\/\",\"logo\":{\"@type\":\"ImageObject\",\"inLanguage\":\"en-US\",\"@id\":\"https:\/\/www.bigbearsultra.sk\/en\/#\/schema\/logo\/image\/\",\"url\":\"https:\/\/www.bigbearsultra.sk\/en\/wp-content\/uploads\/sites\/2\/2023\/03\/cropped-BigBearsUltra-logo-latest.png\",\"contentUrl\":\"https:\/\/www.bigbearsultra.sk\/en\/wp-content\/uploads\/sites\/2\/2023\/03\/cropped-BigBearsUltra-logo-latest.png\",\"width\":2971,\"height\":1246,\"caption\":\"Big Bears Ultra (English)\"},\"image\":{\"@id\":\"https:\/\/www.bigbearsultra.sk\/en\/#\/schema\/logo\/image\/\"}}]}<\/script>\n<!-- \/ Yoast SEO plugin. -->","yoast_head_json":{"title":"BBU 100+ - Big Bears Ultra (English)","description":"Big Bear's Ultra 100+ (BBU100+) - Our signature race that will take you on the full 118km long loop over the hills and mountains around the city of \u017dilina. Distance: 118km - Elevation gain: 6300m","robots":{"index":"index","follow":"follow","max-snippet":"max-snippet:-1","max-image-preview":"max-image-preview:large","max-video-preview":"max-video-preview:-1"},"canonical":"https:\/\/www.bigbearsultra.sk\/en\/bbu1oo\/","og_locale":"en_US","og_type":"article","og_title":"BBU 100+ - Big Bears Ultra (English)","og_description":"Big Bear's Ultra 100+ (BBU100+) - Our signature race that will take you on the full 118km long loop over the hills and mountains around the city of \u017dilina. Distance: 118km - Elevation gain: 6300m","og_url":"https:\/\/www.bigbearsultra.sk\/en\/bbu1oo\/","og_site_name":"Big Bears Ultra (English)","article_modified_time":"2025-10-05T16:30:21+00:00","og_image":[{"width":1024,"height":576,"url":"https:\/\/www.bigbearsultra.sk\/en\/wp-content\/uploads\/sites\/2\/2024\/11\/BBU100header-1024x576.jpg","type":"image\/jpeg"}],"twitter_card":"summary_large_image","twitter_misc":{"Est. reading time":"4 minutes"},"schema":{"@context":"https:\/\/schema.org","@graph":[{"@type":"WebPage","@id":"https:\/\/www.bigbearsultra.sk\/en\/bbu1oo\/","url":"https:\/\/www.bigbearsultra.sk\/en\/bbu1oo\/","name":"BBU 100+ - Big Bears Ultra (English)","isPartOf":{"@id":"https:\/\/www.bigbearsultra.sk\/en\/#website"},"primaryImageOfPage":{"@id":"https:\/\/www.bigbearsultra.sk\/en\/bbu1oo\/#primaryimage"},"image":{"@id":"https:\/\/www.bigbearsultra.sk\/en\/bbu1oo\/#primaryimage"},"thumbnailUrl":"https:\/\/www.bigbearsultra.sk\/en\/wp-content\/uploads\/sites\/2\/2024\/11\/BBU100header-1024x576.jpg","datePublished":"2024-03-06T19:30:33+00:00","dateModified":"2025-10-05T16:30:21+00:00","description":"Big Bear's Ultra 100+ (BBU100+) - Our signature race that will take you on the full 118km long loop over the hills and mountains around the city of \u017dilina. Distance: 118km - Elevation gain: 6300m","breadcrumb":{"@id":"https:\/\/www.bigbearsultra.sk\/en\/bbu1oo\/#breadcrumb"},"inLanguage":"en-US","potentialAction":[{"@type":"ReadAction","target":["https:\/\/www.bigbearsultra.sk\/en\/bbu1oo\/"]}]},{"@type":"ImageObject","inLanguage":"en-US","@id":"https:\/\/www.bigbearsultra.sk\/en\/bbu1oo\/#primaryimage","url":"https:\/\/www.bigbearsultra.sk\/en\/wp-content\/uploads\/sites\/2\/2024\/11\/BBU100header.jpg","contentUrl":"https:\/\/www.bigbearsultra.sk\/en\/wp-content\/uploads\/sites\/2\/2024\/11\/BBU100header.jpg","width":2401,"height":1351,"caption":"BBU100"},{"@type":"BreadcrumbList","@id":"https:\/\/www.bigbearsultra.sk\/en\/bbu1oo\/#breadcrumb","itemListElement":[{"@type":"ListItem","position":1,"name":"Home","item":"https:\/\/www.bigbearsultra.sk\/en\/"},{"@type":"ListItem","position":2,"name":"BBU 100+"}]},{"@type":"WebSite","@id":"https:\/\/www.bigbearsultra.sk\/en\/#website","url":"https:\/\/www.bigbearsultra.sk\/en\/","name":"Big Bears Ultra (English)","description":"\u017dilina Ultra Trail","publisher":{"@id":"https:\/\/www.bigbearsultra.sk\/en\/#organization"},"potentialAction":[{"@type":"SearchAction","target":{"@type":"EntryPoint","urlTemplate":"https:\/\/www.bigbearsultra.sk\/en\/?s={search_term_string}"},"query-input":{"@type":"PropertyValueSpecification","valueRequired":true,"valueName":"search_term_string"}}],"inLanguage":"en-US"},{"@type":"Organization","@id":"https:\/\/www.bigbearsultra.sk\/en\/#organization","name":"Big Bears Ultra (English)","url":"https:\/\/www.bigbearsultra.sk\/en\/","logo":{"@type":"ImageObject","inLanguage":"en-US","@id":"https:\/\/www.bigbearsultra.sk\/en\/#\/schema\/logo\/image\/","url":"https:\/\/www.bigbearsultra.sk\/en\/wp-content\/uploads\/sites\/2\/2023\/03\/cropped-BigBearsUltra-logo-latest.png","contentUrl":"https:\/\/www.bigbearsultra.sk\/en\/wp-content\/uploads\/sites\/2\/2023\/03\/cropped-BigBearsUltra-logo-latest.png","width":2971,"height":1246,"caption":"Big Bears Ultra (English)"},"image":{"@id":"https:\/\/www.bigbearsultra.sk\/en\/#\/schema\/logo\/image\/"}}]}},"_links":{"self":[{"href":"https:\/\/www.bigbearsultra.sk\/en\/wp-json\/wp\/v2\/pages\/576","targetHints":{"allow":["GET"]}}],"collection":[{"href":"https:\/\/www.bigbearsultra.sk\/en\/wp-json\/wp\/v2\/pages"}],"about":[{"href":"https:\/\/www.bigbearsultra.sk\/en\/wp-json\/wp\/v2\/types\/page"}],"author":[{"embeddable":true,"href":"https:\/\/www.bigbearsultra.sk\/en\/wp-json\/wp\/v2\/users\/1"}],"replies":[{"embeddable":true,"href":"https:\/\/www.bigbearsultra.sk\/en\/wp-json\/wp\/v2\/comments?post=576"}],"version-history":[{"count":5,"href":"https:\/\/www.bigbearsultra.sk\/en\/wp-json\/wp\/v2\/pages\/576\/revisions"}],"predecessor-version":[{"id":2770,"href":"https:\/\/www.bigbearsultra.sk\/en\/wp-json\/wp\/v2\/pages\/576\/revisions\/2770"}],"wp:attachment":[{"href":"https:\/\/www.bigbearsultra.sk\/en\/wp-json\/wp\/v2\/media?parent=576"}],"curies":[{"name":"wp","href":"https:\/\/api.w.org\/{rel}","templated":true}]}}