{"id":541,"date":"2024-02-26T17:40:00","date_gmt":"2024-02-26T17:40:00","guid":{"rendered":"https:\/\/www.bigbearsultra.sk\/en\/?page_id=541"},"modified":"2024-11-21T11:54:43","modified_gmt":"2024-11-21T11:54:43","slug":"travel","status":"publish","type":"page","link":"https:\/\/www.bigbearsultra.sk\/en\/travel\/","title":{"rendered":"Travel &#038; Logistics"},"content":{"rendered":"\n<div style=\"height:50px\" aria-hidden=\"true\" class=\"wp-block-spacer\"><\/div>\n\n\n\n<h3 class=\"wp-block-heading\">\u017dilina<\/h3>\n\n\n\n<p><strong>\u017dilina<\/strong> is a city in north-western&nbsp;Slovakia, around 200 kilometres from the capital&nbsp;Bratislava, close to both the Czech and Polish borders. It is the&nbsp;fourth largest city of Slovakia&nbsp;with a population of approximately 80,000, an important industrial center, the largest city on the&nbsp;V\u00e1h&nbsp;river, and the seat of a&nbsp;\u017dilina Region and of a \u017dilina District.<\/p>\n\n\n\n<div class=\"wp-block-columns is-layout-flex wp-container-core-columns-is-layout-9d6595d7 wp-block-columns-is-layout-flex\">\n<div class=\"wp-block-column is-layout-flow wp-block-column-is-layout-flow\" style=\"flex-basis:10%\"><\/div>\n\n\n\n<div class=\"wp-block-column is-layout-flow wp-block-column-is-layout-flow\" style=\"flex-basis:80%\">\n<iframe src=\"https:\/\/www.google.com\/maps\/embed?pb=!1m18!1m12!1m3!1d707940.6041752805!2d18.1071279232889!3d48.85241093734377!2m3!1f0!2f0!3f0!3m2!1i1024!2i768!4f13.1!3m3!1m2!1s0x47145ea4e72cf5bd%3A0xe9a4e40ac6c36a0a!2zxb1pbGluYQ!5e0!3m2!1sen!2ssk!4v1708966821105!5m2!1sen!2ssk\" width=\"600\" height=\"450\" style=\"border:0;\" allowfullscreen=\"\" loading=\"lazy\" referrerpolicy=\"no-referrer-when-downgrade\"><\/iframe>\n<\/div>\n\n\n\n<div class=\"wp-block-column is-layout-flow wp-block-column-is-layout-flow\" style=\"flex-basis:10%\"><\/div>\n<\/div>\n\n\n\n<div style=\"height:50px\" aria-hidden=\"true\" class=\"wp-block-spacer\"><\/div>\n\n\n\n<h3 class=\"wp-block-heading\"><strong>How to get there<\/strong><\/h3>\n\n\n\n<ul class=\"wp-block-list\">\n<li><strong>By car&nbsp;\/ by bus<\/strong><br>\u017dilina is an&nbsp;important centre&nbsp;of Slovakia\u2018s transportation system. \u017dilina is at the intersection of major&nbsp;European roads and is connected&nbsp;with the capital city&nbsp;Bratislava&nbsp;by the D1&nbsp;highway. <\/li>\n<\/ul>\n\n\n\n<ul class=\"wp-block-list\">\n<li><strong>&nbsp;By train<\/strong><br>\u017dilina is a major rail hub with regular train services to \/ from Prague, Bratislava, Budapest, Vienna etc. &nbsp;<\/li>\n<\/ul>\n\n\n\n<ul class=\"wp-block-list\">\n<li><strong>&nbsp;By plane<\/strong><br>The nearest airports are Vienna (many major airlines, about 3hrs drive), Bratislava (mainly budget airlines, 2 hours drive), Krakow, Ostrava.<\/li>\n<\/ul>\n\n\n\n<h3 class=\"wp-block-heading\">Accommodation<\/h3>\n\n\n\n<p>\u017dilina and the surroundings offer plenty of accommodation options &#8211; hotel, private apartments, guesthouses etc. Accommodation can be booked through the major travel booking platforms. <\/p>\n\n\n\n<p>Thanks to the cooperation with the city of \u017dilina and <a href=\"https:\/\/maps.app.goo.gl\/Be7M1ntrPXpe6QKz6\" target=\"_blank\" rel=\"noreferrer noopener\">Budat\u00edn Primary School<\/a> , we can once again offer runners the possibility of staying overnight from Friday Sep 19 to Saturday Sep 20 in the Budat\u00edn school gym. More details coming in early 2025.<\/p>\n\n\n\n<figure class=\"wp-block-image size-large\"><img fetchpriority=\"high\" decoding=\"async\" width=\"1024\" height=\"774\" src=\"https:\/\/www.bigbearsultra.sk\/en\/wp-content\/uploads\/sites\/2\/2024\/08\/Screenshot-2024-08-06-at-6.53.54-PM-1024x774.png\" alt=\"\" class=\"wp-image-664\" srcset=\"https:\/\/www.bigbearsultra.sk\/en\/wp-content\/uploads\/sites\/2\/2024\/08\/Screenshot-2024-08-06-at-6.53.54-PM-1024x774.png 1024w, https:\/\/www.bigbearsultra.sk\/en\/wp-content\/uploads\/sites\/2\/2024\/08\/Screenshot-2024-08-06-at-6.53.54-PM-300x227.png 300w, https:\/\/www.bigbearsultra.sk\/en\/wp-content\/uploads\/sites\/2\/2024\/08\/Screenshot-2024-08-06-at-6.53.54-PM-768x581.png 768w, https:\/\/www.bigbearsultra.sk\/en\/wp-content\/uploads\/sites\/2\/2024\/08\/Screenshot-2024-08-06-at-6.53.54-PM.png 1050w\" sizes=\"(max-width: 1024px) 100vw, 1024px\" \/><\/figure>\n\n\n\n<div style=\"height:50px\" aria-hidden=\"true\" class=\"wp-block-spacer\"><\/div>\n\n\n\n<h3 class=\"wp-block-heading\">Buses to the BBU60+ start in Stre\u010dno and BBU40 in Turie<\/h3>\n\n\n\n<p>Details about the shuttle bus arrangements coming in early 2025<\/p>\n\n\n\n<div style=\"height:100px\" aria-hidden=\"true\" class=\"wp-block-spacer\"><\/div>\n","protected":false},"excerpt":{"rendered":"<p>\u017dilina \u017dilina is a city in north-western&nbsp;Slovakia, around 200 kilometres from the capital&nbsp;Bratislava, close to both the Czech and Polish borders. It is the&nbsp;fourth largest city of Slovakia&nbsp;with a population of approximately 80,000, an important industrial center, the largest city on the&nbsp;V\u00e1h&nbsp;river, and the seat of a&nbsp;\u017dilina Region and of a \u017dilina District. How to&hellip;<\/p>\n","protected":false},"author":1,"featured_media":0,"parent":0,"menu_order":0,"comment_status":"closed","ping_status":"closed","template":"","meta":{"om_disable_all_campaigns":false,"_uf_show_specific_survey":0,"_uf_disable_surveys":false,"footnotes":""},"class_list":["post-541","page","type-page","status-publish","hentry","description-off"],"yoast_head":"<!-- This site is optimized with the Yoast SEO plugin v26.5 - https:\/\/yoast.com\/wordpress\/plugins\/seo\/ -->\n<title>Travel &amp; Logistics - Big Bears Ultra (English)<\/title>\n<meta name=\"description\" content=\"\u017dilina is a city in north-western\u00a0Slovakia, around 200 kilometres from the capital\u00a0Bratislava, close to both the Czech and Polish borders. It is the\u00a0fourth largest city of Slovakia\u00a0with a population of approximately 80,000, an important industrial center, the largest city on the\u00a0V\u00e1h\u00a0river, and the seat of a\u00a0\u017dilina Region and of a \u017dilina District.\" \/>\n<meta name=\"robots\" content=\"index, follow, max-snippet:-1, max-image-preview:large, max-video-preview:-1\" \/>\n<link rel=\"canonical\" href=\"https:\/\/www.bigbearsultra.sk\/en\/travel\/\" \/>\n<meta property=\"og:locale\" content=\"en_US\" \/>\n<meta property=\"og:type\" content=\"article\" \/>\n<meta property=\"og:title\" content=\"Travel &amp; Logistics - Big Bears Ultra (English)\" \/>\n<meta property=\"og:description\" content=\"\u017dilina is a city in north-western\u00a0Slovakia, around 200 kilometres from the capital\u00a0Bratislava, close to both the Czech and Polish borders. It is the\u00a0fourth largest city of Slovakia\u00a0with a population of approximately 80,000, an important industrial center, the largest city on the\u00a0V\u00e1h\u00a0river, and the seat of a\u00a0\u017dilina Region and of a \u017dilina District.\" \/>\n<meta property=\"og:url\" content=\"https:\/\/www.bigbearsultra.sk\/en\/travel\/\" \/>\n<meta property=\"og:site_name\" content=\"Big Bears Ultra (English)\" \/>\n<meta property=\"article:modified_time\" content=\"2024-11-21T11:54:43+00:00\" \/>\n<meta property=\"og:image\" content=\"https:\/\/www.bigbearsultra.sk\/en\/wp-content\/uploads\/sites\/2\/2024\/08\/Screenshot-2024-08-06-at-6.53.54-PM.png\" \/>\n\t<meta property=\"og:image:width\" content=\"1050\" \/>\n\t<meta property=\"og:image:height\" content=\"794\" \/>\n\t<meta property=\"og:image:type\" content=\"image\/png\" \/>\n<meta name=\"twitter:card\" content=\"summary_large_image\" \/>\n<meta name=\"twitter:label1\" content=\"Est. reading time\" \/>\n\t<meta name=\"twitter:data1\" content=\"2 minutes\" \/>\n<script type=\"application\/ld+json\" class=\"yoast-schema-graph\">{\"@context\":\"https:\/\/schema.org\",\"@graph\":[{\"@type\":\"WebPage\",\"@id\":\"https:\/\/www.bigbearsultra.sk\/en\/travel\/\",\"url\":\"https:\/\/www.bigbearsultra.sk\/en\/travel\/\",\"name\":\"Travel & Logistics - Big Bears Ultra (English)\",\"isPartOf\":{\"@id\":\"https:\/\/www.bigbearsultra.sk\/en\/#website\"},\"primaryImageOfPage\":{\"@id\":\"https:\/\/www.bigbearsultra.sk\/en\/travel\/#primaryimage\"},\"image\":{\"@id\":\"https:\/\/www.bigbearsultra.sk\/en\/travel\/#primaryimage\"},\"thumbnailUrl\":\"https:\/\/www.bigbearsultra.sk\/en\/wp-content\/uploads\/sites\/2\/2024\/08\/Screenshot-2024-08-06-at-6.53.54-PM-1024x774.png\",\"datePublished\":\"2024-02-26T17:40:00+00:00\",\"dateModified\":\"2024-11-21T11:54:43+00:00\",\"description\":\"\u017dilina is a city in north-western\u00a0Slovakia, around 200 kilometres from the capital\u00a0Bratislava, close to both the Czech and Polish borders. It is the\u00a0fourth largest city of Slovakia\u00a0with a population of approximately 80,000, an important industrial center, the largest city on the\u00a0V\u00e1h\u00a0river, and the seat of a\u00a0\u017dilina Region and of a \u017dilina District.\",\"breadcrumb\":{\"@id\":\"https:\/\/www.bigbearsultra.sk\/en\/travel\/#breadcrumb\"},\"inLanguage\":\"en-US\",\"potentialAction\":[{\"@type\":\"ReadAction\",\"target\":[\"https:\/\/www.bigbearsultra.sk\/en\/travel\/\"]}]},{\"@type\":\"ImageObject\",\"inLanguage\":\"en-US\",\"@id\":\"https:\/\/www.bigbearsultra.sk\/en\/travel\/#primaryimage\",\"url\":\"https:\/\/www.bigbearsultra.sk\/en\/wp-content\/uploads\/sites\/2\/2024\/08\/Screenshot-2024-08-06-at-6.53.54-PM.png\",\"contentUrl\":\"https:\/\/www.bigbearsultra.sk\/en\/wp-content\/uploads\/sites\/2\/2024\/08\/Screenshot-2024-08-06-at-6.53.54-PM.png\",\"width\":1050,\"height\":794},{\"@type\":\"BreadcrumbList\",\"@id\":\"https:\/\/www.bigbearsultra.sk\/en\/travel\/#breadcrumb\",\"itemListElement\":[{\"@type\":\"ListItem\",\"position\":1,\"name\":\"Home\",\"item\":\"https:\/\/www.bigbearsultra.sk\/en\/\"},{\"@type\":\"ListItem\",\"position\":2,\"name\":\"Travel &#038; Logistics\"}]},{\"@type\":\"WebSite\",\"@id\":\"https:\/\/www.bigbearsultra.sk\/en\/#website\",\"url\":\"https:\/\/www.bigbearsultra.sk\/en\/\",\"name\":\"Big Bears Ultra (English)\",\"description\":\"\u017dilina Ultra Trail\",\"publisher\":{\"@id\":\"https:\/\/www.bigbearsultra.sk\/en\/#organization\"},\"potentialAction\":[{\"@type\":\"SearchAction\",\"target\":{\"@type\":\"EntryPoint\",\"urlTemplate\":\"https:\/\/www.bigbearsultra.sk\/en\/?s={search_term_string}\"},\"query-input\":{\"@type\":\"PropertyValueSpecification\",\"valueRequired\":true,\"valueName\":\"search_term_string\"}}],\"inLanguage\":\"en-US\"},{\"@type\":\"Organization\",\"@id\":\"https:\/\/www.bigbearsultra.sk\/en\/#organization\",\"name\":\"Big Bears Ultra (English)\",\"url\":\"https:\/\/www.bigbearsultra.sk\/en\/\",\"logo\":{\"@type\":\"ImageObject\",\"inLanguage\":\"en-US\",\"@id\":\"https:\/\/www.bigbearsultra.sk\/en\/#\/schema\/logo\/image\/\",\"url\":\"https:\/\/www.bigbearsultra.sk\/en\/wp-content\/uploads\/sites\/2\/2023\/03\/cropped-BigBearsUltra-logo-latest.png\",\"contentUrl\":\"https:\/\/www.bigbearsultra.sk\/en\/wp-content\/uploads\/sites\/2\/2023\/03\/cropped-BigBearsUltra-logo-latest.png\",\"width\":2971,\"height\":1246,\"caption\":\"Big Bears Ultra (English)\"},\"image\":{\"@id\":\"https:\/\/www.bigbearsultra.sk\/en\/#\/schema\/logo\/image\/\"}}]}<\/script>\n<!-- \/ Yoast SEO plugin. -->","yoast_head_json":{"title":"Travel & Logistics - Big Bears Ultra (English)","description":"\u017dilina is a city in north-western\u00a0Slovakia, around 200 kilometres from the capital\u00a0Bratislava, close to both the Czech and Polish borders. It is the\u00a0fourth largest city of Slovakia\u00a0with a population of approximately 80,000, an important industrial center, the largest city on the\u00a0V\u00e1h\u00a0river, and the seat of a\u00a0\u017dilina Region and of a \u017dilina District.","robots":{"index":"index","follow":"follow","max-snippet":"max-snippet:-1","max-image-preview":"max-image-preview:large","max-video-preview":"max-video-preview:-1"},"canonical":"https:\/\/www.bigbearsultra.sk\/en\/travel\/","og_locale":"en_US","og_type":"article","og_title":"Travel & Logistics - Big Bears Ultra (English)","og_description":"\u017dilina is a city in north-western\u00a0Slovakia, around 200 kilometres from the capital\u00a0Bratislava, close to both the Czech and Polish borders. It is the\u00a0fourth largest city of Slovakia\u00a0with a population of approximately 80,000, an important industrial center, the largest city on the\u00a0V\u00e1h\u00a0river, and the seat of a\u00a0\u017dilina Region and of a \u017dilina District.","og_url":"https:\/\/www.bigbearsultra.sk\/en\/travel\/","og_site_name":"Big Bears Ultra (English)","article_modified_time":"2024-11-21T11:54:43+00:00","og_image":[{"width":1050,"height":794,"url":"https:\/\/www.bigbearsultra.sk\/en\/wp-content\/uploads\/sites\/2\/2024\/08\/Screenshot-2024-08-06-at-6.53.54-PM.png","type":"image\/png"}],"twitter_card":"summary_large_image","twitter_misc":{"Est. reading time":"2 minutes"},"schema":{"@context":"https:\/\/schema.org","@graph":[{"@type":"WebPage","@id":"https:\/\/www.bigbearsultra.sk\/en\/travel\/","url":"https:\/\/www.bigbearsultra.sk\/en\/travel\/","name":"Travel & Logistics - Big Bears Ultra (English)","isPartOf":{"@id":"https:\/\/www.bigbearsultra.sk\/en\/#website"},"primaryImageOfPage":{"@id":"https:\/\/www.bigbearsultra.sk\/en\/travel\/#primaryimage"},"image":{"@id":"https:\/\/www.bigbearsultra.sk\/en\/travel\/#primaryimage"},"thumbnailUrl":"https:\/\/www.bigbearsultra.sk\/en\/wp-content\/uploads\/sites\/2\/2024\/08\/Screenshot-2024-08-06-at-6.53.54-PM-1024x774.png","datePublished":"2024-02-26T17:40:00+00:00","dateModified":"2024-11-21T11:54:43+00:00","description":"\u017dilina is a city in north-western\u00a0Slovakia, around 200 kilometres from the capital\u00a0Bratislava, close to both the Czech and Polish borders. It is the\u00a0fourth largest city of Slovakia\u00a0with a population of approximately 80,000, an important industrial center, the largest city on the\u00a0V\u00e1h\u00a0river, and the seat of a\u00a0\u017dilina Region and of a \u017dilina District.","breadcrumb":{"@id":"https:\/\/www.bigbearsultra.sk\/en\/travel\/#breadcrumb"},"inLanguage":"en-US","potentialAction":[{"@type":"ReadAction","target":["https:\/\/www.bigbearsultra.sk\/en\/travel\/"]}]},{"@type":"ImageObject","inLanguage":"en-US","@id":"https:\/\/www.bigbearsultra.sk\/en\/travel\/#primaryimage","url":"https:\/\/www.bigbearsultra.sk\/en\/wp-content\/uploads\/sites\/2\/2024\/08\/Screenshot-2024-08-06-at-6.53.54-PM.png","contentUrl":"https:\/\/www.bigbearsultra.sk\/en\/wp-content\/uploads\/sites\/2\/2024\/08\/Screenshot-2024-08-06-at-6.53.54-PM.png","width":1050,"height":794},{"@type":"BreadcrumbList","@id":"https:\/\/www.bigbearsultra.sk\/en\/travel\/#breadcrumb","itemListElement":[{"@type":"ListItem","position":1,"name":"Home","item":"https:\/\/www.bigbearsultra.sk\/en\/"},{"@type":"ListItem","position":2,"name":"Travel &#038; Logistics"}]},{"@type":"WebSite","@id":"https:\/\/www.bigbearsultra.sk\/en\/#website","url":"https:\/\/www.bigbearsultra.sk\/en\/","name":"Big Bears Ultra (English)","description":"\u017dilina Ultra Trail","publisher":{"@id":"https:\/\/www.bigbearsultra.sk\/en\/#organization"},"potentialAction":[{"@type":"SearchAction","target":{"@type":"EntryPoint","urlTemplate":"https:\/\/www.bigbearsultra.sk\/en\/?s={search_term_string}"},"query-input":{"@type":"PropertyValueSpecification","valueRequired":true,"valueName":"search_term_string"}}],"inLanguage":"en-US"},{"@type":"Organization","@id":"https:\/\/www.bigbearsultra.sk\/en\/#organization","name":"Big Bears Ultra (English)","url":"https:\/\/www.bigbearsultra.sk\/en\/","logo":{"@type":"ImageObject","inLanguage":"en-US","@id":"https:\/\/www.bigbearsultra.sk\/en\/#\/schema\/logo\/image\/","url":"https:\/\/www.bigbearsultra.sk\/en\/wp-content\/uploads\/sites\/2\/2023\/03\/cropped-BigBearsUltra-logo-latest.png","contentUrl":"https:\/\/www.bigbearsultra.sk\/en\/wp-content\/uploads\/sites\/2\/2023\/03\/cropped-BigBearsUltra-logo-latest.png","width":2971,"height":1246,"caption":"Big Bears Ultra (English)"},"image":{"@id":"https:\/\/www.bigbearsultra.sk\/en\/#\/schema\/logo\/image\/"}}]}},"_links":{"self":[{"href":"https:\/\/www.bigbearsultra.sk\/en\/wp-json\/wp\/v2\/pages\/541","targetHints":{"allow":["GET"]}}],"collection":[{"href":"https:\/\/www.bigbearsultra.sk\/en\/wp-json\/wp\/v2\/pages"}],"about":[{"href":"https:\/\/www.bigbearsultra.sk\/en\/wp-json\/wp\/v2\/types\/page"}],"author":[{"embeddable":true,"href":"https:\/\/www.bigbearsultra.sk\/en\/wp-json\/wp\/v2\/users\/1"}],"replies":[{"embeddable":true,"href":"https:\/\/www.bigbearsultra.sk\/en\/wp-json\/wp\/v2\/comments?post=541"}],"version-history":[{"count":6,"href":"https:\/\/www.bigbearsultra.sk\/en\/wp-json\/wp\/v2\/pages\/541\/revisions"}],"predecessor-version":[{"id":2618,"href":"https:\/\/www.bigbearsultra.sk\/en\/wp-json\/wp\/v2\/pages\/541\/revisions\/2618"}],"wp:attachment":[{"href":"https:\/\/www.bigbearsultra.sk\/en\/wp-json\/wp\/v2\/media?parent=541"}],"curies":[{"name":"wp","href":"https:\/\/api.w.org\/{rel}","templated":true}]}}