{"id":2516,"date":"2024-11-20T20:18:04","date_gmt":"2024-11-20T20:18:04","guid":{"rendered":"https:\/\/www.bigbearsultra.sk\/en\/?page_id=2516"},"modified":"2025-10-05T16:32:50","modified_gmt":"2025-10-05T16:32:50","slug":"bbu40","status":"publish","type":"page","link":"https:\/\/www.bigbearsultra.sk\/en\/bbu40\/","title":{"rendered":"BBU40"},"content":{"rendered":"\n<figure class=\"wp-block-image alignfull size-large\"><img fetchpriority=\"high\" decoding=\"async\" width=\"1024\" height=\"576\" src=\"https:\/\/www.bigbearsultra.sk\/en\/wp-content\/uploads\/sites\/2\/2024\/11\/BBU40header-new-1024x576.jpg\" alt=\"\" class=\"wp-image-2517\" srcset=\"https:\/\/www.bigbearsultra.sk\/en\/wp-content\/uploads\/sites\/2\/2024\/11\/BBU40header-new-1024x576.jpg 1024w, https:\/\/www.bigbearsultra.sk\/en\/wp-content\/uploads\/sites\/2\/2024\/11\/BBU40header-new-300x169.jpg 300w, https:\/\/www.bigbearsultra.sk\/en\/wp-content\/uploads\/sites\/2\/2024\/11\/BBU40header-new-768x432.jpg 768w, https:\/\/www.bigbearsultra.sk\/en\/wp-content\/uploads\/sites\/2\/2024\/11\/BBU40header-new-1536x864.jpg 1536w, https:\/\/www.bigbearsultra.sk\/en\/wp-content\/uploads\/sites\/2\/2024\/11\/BBU40header-new.jpg 1921w\" sizes=\"(max-width: 1024px) 100vw, 1024px\" \/><\/figure>\n\n\n\n<h4 class=\"wp-block-heading has-text-align-center\"><strong><strong>Registrations from December 17, 202<\/strong><\/strong>5<\/h4>\n\n\n<div class=\"wp-block-image\">\n<figure class=\"aligncenter size-full is-resized\"><img decoding=\"async\" width=\"764\" height=\"764\" src=\"https:\/\/www.bigbearsultra.sk\/en\/wp-content\/uploads\/sites\/2\/2024\/11\/BBU40-2025.png\" alt=\"BBU40\" class=\"wp-image-2488\" style=\"width:250px\" srcset=\"https:\/\/www.bigbearsultra.sk\/en\/wp-content\/uploads\/sites\/2\/2024\/11\/BBU40-2025.png 764w, https:\/\/www.bigbearsultra.sk\/en\/wp-content\/uploads\/sites\/2\/2024\/11\/BBU40-2025-300x300.png 300w, https:\/\/www.bigbearsultra.sk\/en\/wp-content\/uploads\/sites\/2\/2024\/11\/BBU40-2025-150x150.png 150w\" sizes=\"(max-width: 764px) 100vw, 764px\" \/><\/figure>\n<\/div>\n\n\n<h4 class=\"wp-block-heading has-text-align-center has-medium-font-size\">For those who prefer something shorter than an ultra &#8211; 40km race with start in Turie and finish in Budat\u00edn. From Turie BBU40 follows the same route as <a href=\"https:\/\/www.bigbearsultra.sk\/en\/bbu1oo\/\">our signature race BBU 100+<\/a>.<\/h4>\n\n\n\n<div style=\"height:60px\" aria-hidden=\"true\" class=\"wp-block-spacer\"><\/div>\n\n\n\n<div class=\"wp-block-columns is-layout-flex wp-container-core-columns-is-layout-9d6595d7 wp-block-columns-is-layout-flex\">\n<div class=\"wp-block-column is-layout-flow wp-block-column-is-layout-flow\">\n<h3 class=\"wp-block-heading has-text-align-center\"><strong>ITRA POINTS &#8211; <\/strong>2<\/h3>\n\n\n<div class=\"wp-block-image\">\n<figure class=\"aligncenter size-full is-resized\"><img decoding=\"async\" width=\"154\" height=\"90\" src=\"https:\/\/www.bigbearsultra.sk\/en\/wp-content\/uploads\/sites\/2\/2024\/11\/ITRA-022x.png\" alt=\"ITRA 2\" class=\"wp-image-2518\" style=\"width:150px\"\/><\/figure>\n<\/div><\/div>\n\n\n\n<div class=\"wp-block-column is-layout-flow wp-block-column-is-layout-flow\">\n<h3 class=\"wp-block-heading has-text-align-center\">ETC &#8211; M<\/h3>\n\n\n<div class=\"wp-block-image\">\n<figure class=\"aligncenter size-full is-resized\"><img loading=\"lazy\" decoding=\"async\" width=\"484\" height=\"356\" src=\"https:\/\/www.bigbearsultra.sk\/en\/wp-content\/uploads\/sites\/2\/2024\/01\/Logotip_Europe-Trail-Cup_RGB.jpg\" alt=\"\" class=\"wp-image-511\" style=\"width:150px\" srcset=\"https:\/\/www.bigbearsultra.sk\/en\/wp-content\/uploads\/sites\/2\/2024\/01\/Logotip_Europe-Trail-Cup_RGB.jpg 484w, https:\/\/www.bigbearsultra.sk\/en\/wp-content\/uploads\/sites\/2\/2024\/01\/Logotip_Europe-Trail-Cup_RGB-300x221.jpg 300w\" sizes=\"(max-width: 484px) 100vw, 484px\" \/><\/figure>\n<\/div><\/div>\n\n\n\n<div class=\"wp-block-column is-layout-flow wp-block-column-is-layout-flow\">\n<h3 class=\"wp-block-heading has-text-align-center\">UTMB INDEX &#8211; 50K<\/h3>\n\n\n<div class=\"wp-block-image\">\n<figure class=\"aligncenter size-full is-resized\"><img loading=\"lazy\" decoding=\"async\" width=\"2709\" height=\"875\" src=\"https:\/\/www.bigbearsultra.sk\/en\/wp-content\/uploads\/sites\/2\/2023\/03\/Index-50K-1.png\" alt=\"\" class=\"wp-image-242\" style=\"width:150px\" srcset=\"https:\/\/www.bigbearsultra.sk\/en\/wp-content\/uploads\/sites\/2\/2023\/03\/Index-50K-1.png 2709w, https:\/\/www.bigbearsultra.sk\/en\/wp-content\/uploads\/sites\/2\/2023\/03\/Index-50K-1-300x97.png 300w, https:\/\/www.bigbearsultra.sk\/en\/wp-content\/uploads\/sites\/2\/2023\/03\/Index-50K-1-1024x331.png 1024w, https:\/\/www.bigbearsultra.sk\/en\/wp-content\/uploads\/sites\/2\/2023\/03\/Index-50K-1-768x248.png 768w, https:\/\/www.bigbearsultra.sk\/en\/wp-content\/uploads\/sites\/2\/2023\/03\/Index-50K-1-1536x496.png 1536w, https:\/\/www.bigbearsultra.sk\/en\/wp-content\/uploads\/sites\/2\/2023\/03\/Index-50K-1-2048x661.png 2048w\" sizes=\"(max-width: 2709px) 100vw, 2709px\" \/><\/figure>\n<\/div><\/div>\n<\/div>\n\n\n\n<div style=\"height:60px\" aria-hidden=\"true\" class=\"wp-block-spacer\"><\/div>\n\n\n<div class=\"wp-block-image\">\n<figure class=\"aligncenter size-full is-resized\"><img loading=\"lazy\" decoding=\"async\" width=\"2560\" height=\"2560\" src=\"https:\/\/www.bigbearsultra.sk\/en\/wp-content\/uploads\/sites\/2\/2025\/10\/BBU40-distance-info-2026-scaled.jpg\" alt=\"\" class=\"wp-image-2773\" style=\"width:500px\" srcset=\"https:\/\/www.bigbearsultra.sk\/en\/wp-content\/uploads\/sites\/2\/2025\/10\/BBU40-distance-info-2026-scaled.jpg 2560w, https:\/\/www.bigbearsultra.sk\/en\/wp-content\/uploads\/sites\/2\/2025\/10\/BBU40-distance-info-2026-300x300.jpg 300w, https:\/\/www.bigbearsultra.sk\/en\/wp-content\/uploads\/sites\/2\/2025\/10\/BBU40-distance-info-2026-1024x1024.jpg 1024w, https:\/\/www.bigbearsultra.sk\/en\/wp-content\/uploads\/sites\/2\/2025\/10\/BBU40-distance-info-2026-150x150.jpg 150w, https:\/\/www.bigbearsultra.sk\/en\/wp-content\/uploads\/sites\/2\/2025\/10\/BBU40-distance-info-2026-768x768.jpg 768w, https:\/\/www.bigbearsultra.sk\/en\/wp-content\/uploads\/sites\/2\/2025\/10\/BBU40-distance-info-2026-1536x1536.jpg 1536w, https:\/\/www.bigbearsultra.sk\/en\/wp-content\/uploads\/sites\/2\/2025\/10\/BBU40-distance-info-2026-2048x2048.jpg 2048w\" sizes=\"(max-width: 2560px) 100vw, 2560px\" \/><\/figure>\n<\/div>\n\n\n<h4 class=\"wp-block-heading has-text-align-center has-medium-font-size\">Distance: 40km &#8211; Elevation gain: 2000m &#8211; Start 19.9.2026, 1:00PM (preliminary start time, to be confirmed)<\/h4>\n\n\n\n<div style=\"height:60px\" aria-hidden=\"true\" class=\"wp-block-spacer\"><\/div>\n\n\n\n<h3 class=\"wp-block-heading has-text-align-center\">BBU40 route:&nbsp;<\/h3>\n\n\n\n<p><strong>Turie (CP7)<\/strong> &#8211; Por\u00fabka (brod) &#8211; Skalky &#8211; Tlst\u00e1 Hora &#8211; <strong>Dielnice (CP8)<\/strong> &#8211; Budzog\u00e1\u0148 &#8211; \u017dibrid &#8211; Sedlo Pat\u00fach &#8211; Ke\u010dka &#8211; Roh\u00e1\u010dske sedlo &#8211; <strong>Hrad Hri\u010dov (CP9)<\/strong> &#8211; Hri\u010dovsk\u00e9 Podhradie &#8211; <strong>Ov\u010diarsko (CP10)<\/strong> &#8211; Hradisko &#8211; Str\u00e1\u017eov &#8211; Budat\u00edn<\/p>\n\n\n\n<figure class=\"wp-block-table\"><table><tbody><tr><td><\/td><td>Vzdialenos\u0165 \/ Distance (km)<\/td><td>Akumulovan\u00e9 \/ Cumulative (km)<\/td><td>Prev\u00fd\u0161enie \/ Elevation gain (m)<\/td><td>Akumulovan\u00e9 \/ Cumulative (m)<\/td><\/tr><tr><td><strong><strong>START<\/strong> &#8211; CP8<\/strong><\/td><td>10<\/td><td>32<\/td><td>500<\/td><td>500<\/td><\/tr><tr><td><strong>CP8 &#8211; CP<\/strong>9<\/td><td>15<\/td><td>47<\/td><td>1100<\/td><td>1600<\/td><\/tr><tr><td><strong>CP9 &#8211; CP10<\/strong><\/td><td>5<\/td><td>52<\/td><td>200<\/td><td>1800<\/td><\/tr><tr><td><strong>CP10 &#8211; FINISH<\/strong><\/td><td>10<\/td><td>62<\/td><td>200<\/td><td>2000<\/td><\/tr><\/tbody><\/table><\/figure>\n\n\n\n<h4 class=\"wp-block-heading has-text-align-center has-medium-font-size\"><a href=\"https:\/\/www.bigbearsultra.sk\/en\/bbu-cp\/\" target=\"_blank\" rel=\"noreferrer noopener\"><strong>Checkpoints and refreshments stations &#8211; (link):<\/strong><\/a><\/h4>\n\n\n<div class=\"wp-block-image\">\n<figure class=\"aligncenter size-large\"><img loading=\"lazy\" decoding=\"async\" width=\"1024\" height=\"634\" src=\"https:\/\/www.bigbearsultra.sk\/en\/wp-content\/uploads\/sites\/2\/2024\/11\/Screenshot-2024-11-13-at-11.13.25\u202fAM-1024x634.png\" alt=\"BBU40\" class=\"wp-image-2522\" srcset=\"https:\/\/www.bigbearsultra.sk\/en\/wp-content\/uploads\/sites\/2\/2024\/11\/Screenshot-2024-11-13-at-11.13.25\u202fAM-1024x634.png 1024w, https:\/\/www.bigbearsultra.sk\/en\/wp-content\/uploads\/sites\/2\/2024\/11\/Screenshot-2024-11-13-at-11.13.25\u202fAM-300x186.png 300w, https:\/\/www.bigbearsultra.sk\/en\/wp-content\/uploads\/sites\/2\/2024\/11\/Screenshot-2024-11-13-at-11.13.25\u202fAM-768x476.png 768w, https:\/\/www.bigbearsultra.sk\/en\/wp-content\/uploads\/sites\/2\/2024\/11\/Screenshot-2024-11-13-at-11.13.25\u202fAM-1536x951.png 1536w, https:\/\/www.bigbearsultra.sk\/en\/wp-content\/uploads\/sites\/2\/2024\/11\/Screenshot-2024-11-13-at-11.13.25\u202fAM-2048x1268.png 2048w\" sizes=\"(max-width: 1024px) 100vw, 1024px\" \/><\/figure>\n<\/div>\n\n\n<div style=\"height:60px\" aria-hidden=\"true\" class=\"wp-block-spacer\"><\/div>\n\n\n\n<div class=\"wp-block-columns is-layout-flex wp-container-core-columns-is-layout-9d6595d7 wp-block-columns-is-layout-flex\">\n<div class=\"wp-block-column is-layout-flow wp-block-column-is-layout-flow\" style=\"flex-basis:5%\"><\/div>\n\n\n\n<div class=\"wp-block-column is-layout-flow wp-block-column-is-layout-flow\" style=\"flex-basis:90%\">\n<iframe src=\"https:\/\/www.google.com\/maps\/d\/embed?mid=1AEpSBrMieqzCQQers-OstrjvN7oah4M&#038;ehbc=2E312F\" width=\"640\" height=\"480\"><\/iframe>\n<\/div>\n\n\n\n<div class=\"wp-block-column is-layout-flow wp-block-column-is-layout-flow\" style=\"flex-basis:5%\"><\/div>\n<\/div>\n\n\n\n<p>Turie &#8211; Por\u00fabka river crossing &#8211; public road <strong>-&gt;<\/strong> Por\u00fabka river crossing &#8211; under Tlst\u00e1 hora &#8211; blue tourist trail <strong>-&gt;<\/strong> Tlst\u00e1 hora and descent from Tlst\u00e1 hora &#8211; no name trail <strong>-&gt;<\/strong> below Tlst\u00e1 hora reconnect to blue tourist trail all the way to Dielnice &#8211; blue trail <strong>-&gt;<\/strong> Dienice &#8211; \u017dibrid &#8211; green trail Straten\u00fd budzog\u00e1\u0148 <strong>-&gt;<\/strong> \u017dibrid &#8211; Pod Roh\u00e1\u010dom &#8211; green tourist trail <strong>-&gt;<\/strong> Pod Roh\u00e1\u010dom &#8211; Hri\u010dovsk\u00e9 Podhradie &#8211; Ov\u010diarsko &#8211; Str\u00e1\u017eov &#8211; red tourist trail <strong>-&gt;<\/strong> Str\u00e1\u017eov &#8211; Budat\u00edn &#8211; public roads &#8211; final routing will be confirmed according to the road closure and renovation situation in the city at the time of the race<\/p>\n\n\n\n<figure class=\"wp-block-image size-large\"><img loading=\"lazy\" decoding=\"async\" width=\"1024\" height=\"800\" src=\"https:\/\/www.bigbearsultra.sk\/en\/wp-content\/uploads\/sites\/2\/2024\/11\/Trail-colour-guide-40-1024x800.jpg\" alt=\"Trail colour guide BBU40\" class=\"wp-image-2523\" srcset=\"https:\/\/www.bigbearsultra.sk\/en\/wp-content\/uploads\/sites\/2\/2024\/11\/Trail-colour-guide-40-1024x800.jpg 1024w, https:\/\/www.bigbearsultra.sk\/en\/wp-content\/uploads\/sites\/2\/2024\/11\/Trail-colour-guide-40-300x234.jpg 300w, https:\/\/www.bigbearsultra.sk\/en\/wp-content\/uploads\/sites\/2\/2024\/11\/Trail-colour-guide-40-768x600.jpg 768w, https:\/\/www.bigbearsultra.sk\/en\/wp-content\/uploads\/sites\/2\/2024\/11\/Trail-colour-guide-40-1536x1199.jpg 1536w, https:\/\/www.bigbearsultra.sk\/en\/wp-content\/uploads\/sites\/2\/2024\/11\/Trail-colour-guide-40.jpg 1602w\" sizes=\"(max-width: 1024px) 100vw, 1024px\" \/><\/figure>\n\n\n\n<p><\/p>\n","protected":false},"excerpt":{"rendered":"<p>Registrations from December 17, 2025 For those who prefer something shorter than an ultra &#8211; 40km race with start in Turie and finish in Budat\u00edn. From Turie BBU40 follows the same route as our signature race BBU 100+. ITRA POINTS &#8211; 2 ETC &#8211; M UTMB INDEX &#8211; 50K Distance: 40km &#8211; Elevation gain: 2000m&hellip;<\/p>\n","protected":false},"author":1,"featured_media":0,"parent":0,"menu_order":0,"comment_status":"closed","ping_status":"closed","template":"","meta":{"om_disable_all_campaigns":false,"_uf_show_specific_survey":0,"_uf_disable_surveys":false,"footnotes":""},"class_list":["post-2516","page","type-page","status-publish","hentry","description-off"],"yoast_head":"<!-- This site is optimized with the Yoast SEO plugin v26.5 - https:\/\/yoast.com\/wordpress\/plugins\/seo\/ -->\n<title>BBU40 - Big Bears Ultra (English)<\/title>\n<meta name=\"description\" content=\"For those who prefer something shorter than an ultra - Our new 40km race with start in Turie and finish in Budat\u00edn. From Turie BBU40 follows the same route as our signature race BBU 100+.\" \/>\n<meta name=\"robots\" content=\"index, follow, max-snippet:-1, max-image-preview:large, max-video-preview:-1\" \/>\n<link rel=\"canonical\" href=\"https:\/\/www.bigbearsultra.sk\/en\/bbu40\/\" \/>\n<meta property=\"og:locale\" content=\"en_US\" \/>\n<meta property=\"og:type\" content=\"article\" \/>\n<meta property=\"og:title\" content=\"BBU40 - Big Bears Ultra (English)\" \/>\n<meta property=\"og:description\" content=\"For those who prefer something shorter than an ultra - Our new 40km race with start in Turie and finish in Budat\u00edn. From Turie BBU40 follows the same route as our signature race BBU 100+.\" \/>\n<meta property=\"og:url\" content=\"https:\/\/www.bigbearsultra.sk\/en\/bbu40\/\" \/>\n<meta property=\"og:site_name\" content=\"Big Bears Ultra (English)\" \/>\n<meta property=\"article:modified_time\" content=\"2025-10-05T16:32:50+00:00\" \/>\n<meta property=\"og:image\" content=\"https:\/\/www.bigbearsultra.sk\/en\/wp-content\/uploads\/sites\/2\/2024\/11\/BBU40header-new.jpg\" \/>\n\t<meta property=\"og:image:width\" content=\"1921\" \/>\n\t<meta property=\"og:image:height\" content=\"1081\" \/>\n\t<meta property=\"og:image:type\" content=\"image\/jpeg\" \/>\n<meta name=\"twitter:card\" content=\"summary_large_image\" \/>\n<meta name=\"twitter:label1\" content=\"Est. reading time\" \/>\n\t<meta name=\"twitter:data1\" content=\"3 minutes\" \/>\n<script type=\"application\/ld+json\" class=\"yoast-schema-graph\">{\"@context\":\"https:\/\/schema.org\",\"@graph\":[{\"@type\":\"WebPage\",\"@id\":\"https:\/\/www.bigbearsultra.sk\/en\/bbu40\/\",\"url\":\"https:\/\/www.bigbearsultra.sk\/en\/bbu40\/\",\"name\":\"BBU40 - Big Bears Ultra (English)\",\"isPartOf\":{\"@id\":\"https:\/\/www.bigbearsultra.sk\/en\/#website\"},\"primaryImageOfPage\":{\"@id\":\"https:\/\/www.bigbearsultra.sk\/en\/bbu40\/#primaryimage\"},\"image\":{\"@id\":\"https:\/\/www.bigbearsultra.sk\/en\/bbu40\/#primaryimage\"},\"thumbnailUrl\":\"https:\/\/www.bigbearsultra.sk\/en\/wp-content\/uploads\/sites\/2\/2024\/11\/BBU40header-new-1024x576.jpg\",\"datePublished\":\"2024-11-20T20:18:04+00:00\",\"dateModified\":\"2025-10-05T16:32:50+00:00\",\"description\":\"For those who prefer something shorter than an ultra - Our new 40km race with start in Turie and finish in Budat\u00edn. From Turie BBU40 follows the same route as our signature race BBU 100+.\",\"breadcrumb\":{\"@id\":\"https:\/\/www.bigbearsultra.sk\/en\/bbu40\/#breadcrumb\"},\"inLanguage\":\"en-US\",\"potentialAction\":[{\"@type\":\"ReadAction\",\"target\":[\"https:\/\/www.bigbearsultra.sk\/en\/bbu40\/\"]}]},{\"@type\":\"ImageObject\",\"inLanguage\":\"en-US\",\"@id\":\"https:\/\/www.bigbearsultra.sk\/en\/bbu40\/#primaryimage\",\"url\":\"https:\/\/www.bigbearsultra.sk\/en\/wp-content\/uploads\/sites\/2\/2024\/11\/BBU40header-new.jpg\",\"contentUrl\":\"https:\/\/www.bigbearsultra.sk\/en\/wp-content\/uploads\/sites\/2\/2024\/11\/BBU40header-new.jpg\",\"width\":1921,\"height\":1081},{\"@type\":\"BreadcrumbList\",\"@id\":\"https:\/\/www.bigbearsultra.sk\/en\/bbu40\/#breadcrumb\",\"itemListElement\":[{\"@type\":\"ListItem\",\"position\":1,\"name\":\"Home\",\"item\":\"https:\/\/www.bigbearsultra.sk\/en\/\"},{\"@type\":\"ListItem\",\"position\":2,\"name\":\"BBU40\"}]},{\"@type\":\"WebSite\",\"@id\":\"https:\/\/www.bigbearsultra.sk\/en\/#website\",\"url\":\"https:\/\/www.bigbearsultra.sk\/en\/\",\"name\":\"Big Bears Ultra (English)\",\"description\":\"\u017dilina Ultra Trail\",\"publisher\":{\"@id\":\"https:\/\/www.bigbearsultra.sk\/en\/#organization\"},\"potentialAction\":[{\"@type\":\"SearchAction\",\"target\":{\"@type\":\"EntryPoint\",\"urlTemplate\":\"https:\/\/www.bigbearsultra.sk\/en\/?s={search_term_string}\"},\"query-input\":{\"@type\":\"PropertyValueSpecification\",\"valueRequired\":true,\"valueName\":\"search_term_string\"}}],\"inLanguage\":\"en-US\"},{\"@type\":\"Organization\",\"@id\":\"https:\/\/www.bigbearsultra.sk\/en\/#organization\",\"name\":\"Big Bears Ultra (English)\",\"url\":\"https:\/\/www.bigbearsultra.sk\/en\/\",\"logo\":{\"@type\":\"ImageObject\",\"inLanguage\":\"en-US\",\"@id\":\"https:\/\/www.bigbearsultra.sk\/en\/#\/schema\/logo\/image\/\",\"url\":\"https:\/\/www.bigbearsultra.sk\/en\/wp-content\/uploads\/sites\/2\/2023\/03\/cropped-BigBearsUltra-logo-latest.png\",\"contentUrl\":\"https:\/\/www.bigbearsultra.sk\/en\/wp-content\/uploads\/sites\/2\/2023\/03\/cropped-BigBearsUltra-logo-latest.png\",\"width\":2971,\"height\":1246,\"caption\":\"Big Bears Ultra (English)\"},\"image\":{\"@id\":\"https:\/\/www.bigbearsultra.sk\/en\/#\/schema\/logo\/image\/\"}}]}<\/script>\n<!-- \/ Yoast SEO plugin. -->","yoast_head_json":{"title":"BBU40 - Big Bears Ultra (English)","description":"For those who prefer something shorter than an ultra - Our new 40km race with start in Turie and finish in Budat\u00edn. From Turie BBU40 follows the same route as our signature race BBU 100+.","robots":{"index":"index","follow":"follow","max-snippet":"max-snippet:-1","max-image-preview":"max-image-preview:large","max-video-preview":"max-video-preview:-1"},"canonical":"https:\/\/www.bigbearsultra.sk\/en\/bbu40\/","og_locale":"en_US","og_type":"article","og_title":"BBU40 - Big Bears Ultra (English)","og_description":"For those who prefer something shorter than an ultra - Our new 40km race with start in Turie and finish in Budat\u00edn. From Turie BBU40 follows the same route as our signature race BBU 100+.","og_url":"https:\/\/www.bigbearsultra.sk\/en\/bbu40\/","og_site_name":"Big Bears Ultra (English)","article_modified_time":"2025-10-05T16:32:50+00:00","og_image":[{"width":1921,"height":1081,"url":"https:\/\/www.bigbearsultra.sk\/en\/wp-content\/uploads\/sites\/2\/2024\/11\/BBU40header-new.jpg","type":"image\/jpeg"}],"twitter_card":"summary_large_image","twitter_misc":{"Est. reading time":"3 minutes"},"schema":{"@context":"https:\/\/schema.org","@graph":[{"@type":"WebPage","@id":"https:\/\/www.bigbearsultra.sk\/en\/bbu40\/","url":"https:\/\/www.bigbearsultra.sk\/en\/bbu40\/","name":"BBU40 - Big Bears Ultra (English)","isPartOf":{"@id":"https:\/\/www.bigbearsultra.sk\/en\/#website"},"primaryImageOfPage":{"@id":"https:\/\/www.bigbearsultra.sk\/en\/bbu40\/#primaryimage"},"image":{"@id":"https:\/\/www.bigbearsultra.sk\/en\/bbu40\/#primaryimage"},"thumbnailUrl":"https:\/\/www.bigbearsultra.sk\/en\/wp-content\/uploads\/sites\/2\/2024\/11\/BBU40header-new-1024x576.jpg","datePublished":"2024-11-20T20:18:04+00:00","dateModified":"2025-10-05T16:32:50+00:00","description":"For those who prefer something shorter than an ultra - Our new 40km race with start in Turie and finish in Budat\u00edn. From Turie BBU40 follows the same route as our signature race BBU 100+.","breadcrumb":{"@id":"https:\/\/www.bigbearsultra.sk\/en\/bbu40\/#breadcrumb"},"inLanguage":"en-US","potentialAction":[{"@type":"ReadAction","target":["https:\/\/www.bigbearsultra.sk\/en\/bbu40\/"]}]},{"@type":"ImageObject","inLanguage":"en-US","@id":"https:\/\/www.bigbearsultra.sk\/en\/bbu40\/#primaryimage","url":"https:\/\/www.bigbearsultra.sk\/en\/wp-content\/uploads\/sites\/2\/2024\/11\/BBU40header-new.jpg","contentUrl":"https:\/\/www.bigbearsultra.sk\/en\/wp-content\/uploads\/sites\/2\/2024\/11\/BBU40header-new.jpg","width":1921,"height":1081},{"@type":"BreadcrumbList","@id":"https:\/\/www.bigbearsultra.sk\/en\/bbu40\/#breadcrumb","itemListElement":[{"@type":"ListItem","position":1,"name":"Home","item":"https:\/\/www.bigbearsultra.sk\/en\/"},{"@type":"ListItem","position":2,"name":"BBU40"}]},{"@type":"WebSite","@id":"https:\/\/www.bigbearsultra.sk\/en\/#website","url":"https:\/\/www.bigbearsultra.sk\/en\/","name":"Big Bears Ultra (English)","description":"\u017dilina Ultra Trail","publisher":{"@id":"https:\/\/www.bigbearsultra.sk\/en\/#organization"},"potentialAction":[{"@type":"SearchAction","target":{"@type":"EntryPoint","urlTemplate":"https:\/\/www.bigbearsultra.sk\/en\/?s={search_term_string}"},"query-input":{"@type":"PropertyValueSpecification","valueRequired":true,"valueName":"search_term_string"}}],"inLanguage":"en-US"},{"@type":"Organization","@id":"https:\/\/www.bigbearsultra.sk\/en\/#organization","name":"Big Bears Ultra (English)","url":"https:\/\/www.bigbearsultra.sk\/en\/","logo":{"@type":"ImageObject","inLanguage":"en-US","@id":"https:\/\/www.bigbearsultra.sk\/en\/#\/schema\/logo\/image\/","url":"https:\/\/www.bigbearsultra.sk\/en\/wp-content\/uploads\/sites\/2\/2023\/03\/cropped-BigBearsUltra-logo-latest.png","contentUrl":"https:\/\/www.bigbearsultra.sk\/en\/wp-content\/uploads\/sites\/2\/2023\/03\/cropped-BigBearsUltra-logo-latest.png","width":2971,"height":1246,"caption":"Big Bears Ultra (English)"},"image":{"@id":"https:\/\/www.bigbearsultra.sk\/en\/#\/schema\/logo\/image\/"}}]}},"_links":{"self":[{"href":"https:\/\/www.bigbearsultra.sk\/en\/wp-json\/wp\/v2\/pages\/2516","targetHints":{"allow":["GET"]}}],"collection":[{"href":"https:\/\/www.bigbearsultra.sk\/en\/wp-json\/wp\/v2\/pages"}],"about":[{"href":"https:\/\/www.bigbearsultra.sk\/en\/wp-json\/wp\/v2\/types\/page"}],"author":[{"embeddable":true,"href":"https:\/\/www.bigbearsultra.sk\/en\/wp-json\/wp\/v2\/users\/1"}],"replies":[{"embeddable":true,"href":"https:\/\/www.bigbearsultra.sk\/en\/wp-json\/wp\/v2\/comments?post=2516"}],"version-history":[{"count":5,"href":"https:\/\/www.bigbearsultra.sk\/en\/wp-json\/wp\/v2\/pages\/2516\/revisions"}],"predecessor-version":[{"id":2775,"href":"https:\/\/www.bigbearsultra.sk\/en\/wp-json\/wp\/v2\/pages\/2516\/revisions\/2775"}],"wp:attachment":[{"href":"https:\/\/www.bigbearsultra.sk\/en\/wp-json\/wp\/v2\/media?parent=2516"}],"curies":[{"name":"wp","href":"https:\/\/api.w.org\/{rel}","templated":true}]}}