{"id":140,"date":"2022-12-16T10:13:27","date_gmt":"2022-12-16T10:13:27","guid":{"rendered":"https:\/\/www.bigbearsultra.sk\/en\/?page_id=140"},"modified":"2024-11-21T11:16:03","modified_gmt":"2024-11-21T11:16:03","slug":"mandatory-equipment","status":"publish","type":"page","link":"https:\/\/www.bigbearsultra.sk\/en\/mandatory-equipment\/","title":{"rendered":"Mandatory and recommended equipment"},"content":{"rendered":"\n<div style=\"height:50px\" aria-hidden=\"true\" class=\"wp-block-spacer\"><\/div>\n\n\n\n<p>As a participant you must carry the mandatory equipment with you during the whole race &#8211; from start to finish &#8211; or you will be penalized. Race stewards may check your equipment at any time during the race. Here is the overview of mandatory and recommended equipment. More details on mandatory equipment for different routes can be found in <a href=\"https:\/\/www.bigbearsultra.sk\/en\/big-bears-ultra-rules\/\">the Rules<\/a>.<\/p>\n\n\n\n<p class=\"has-text-align-center\"><strong><mark style=\"background-color:rgba(0, 0, 0, 0)\" class=\"has-inline-color has-dark-gray-color\">MANDATORY EQUIPMENT<\/mark><\/strong><\/p>\n\n\n\n<figure class=\"wp-block-table alignfull\"><table class=\"has-fixed-layout\"><tbody><tr><td class=\"has-text-align-center\" data-align=\"center\"><mark style=\"background-color:rgba(0, 0, 0, 0)\" class=\"has-inline-color has-accent-color\">Backpack, running belt or their combo with capacity to carry complete mandatory equipment.<\/mark><\/td><\/tr><tr><td class=\"has-text-align-center\" data-align=\"center\"><mark style=\"background-color:rgba(0, 0, 0, 0)\" class=\"has-inline-color has-accent-color\">Charged always on mobile phone. Runner must be reachable at any time during the race.\nBack up power source recommended.<\/mark><\/td><\/tr><tr><td class=\"has-text-align-center\" data-align=\"center\"><mark style=\"background-color:rgba(0, 0, 0, 0)\" class=\"has-inline-color has-accent-color\">Own drinks cup at least 150ml capacity.<\/mark><\/td><\/tr><tr><td class=\"has-text-align-center\" data-align=\"center\"><mark style=\"background-color:rgba(0, 0, 0, 0)\" class=\"has-inline-color has-accent-color\">Bottles or bladder with minimum capacity 1 liter.<\/mark><\/td><\/tr><tr><td class=\"has-text-align-center\" data-align=\"center\"><mark style=\"background-color:rgba(0, 0, 0, 0)\" class=\"has-inline-color has-accent-color\">Headlamp with spare batteries (200 lumens or more) + spare headlamp with spare batteries<\/mark><\/td><\/tr><tr><td class=\"has-text-align-center\" data-align=\"center\"><mark style=\"background-color:rgba(0, 0, 0, 0)\" class=\"has-inline-color has-accent-color\">Whistle<\/mark><\/td><\/tr><tr><td class=\"has-text-align-center\" data-align=\"center\"><mark style=\"background-color:rgba(0, 0, 0, 0)\" class=\"has-inline-color has-accent-color\">Cap, hat or bandana<\/mark><\/td><\/tr><tr><td class=\"has-text-align-center\" data-align=\"center\"><mark style=\"background-color:rgba(0, 0, 0, 0)\" class=\"has-inline-color has-accent-color\">Metalic survival blanket minimum 140 cm x 200 cm<\/mark><\/td><\/tr><tr><td class=\"has-text-align-center\" data-align=\"center\"><mark style=\"background-color:rgba(0, 0, 0, 0)\" class=\"has-inline-color has-accent-color\">First aid kit &#8211; Elastic bandage minimum 100 cm x 6 cm, 2 x plaster, 2 x antiseptic wipes or alternative<\/mark><\/td><\/tr><tr><td class=\"has-text-align-center\" data-align=\"center\"><mark style=\"background-color:rgba(0, 0, 0, 0)\" class=\"has-inline-color has-accent-color\">Food reserve minumum 2 bars or 2 gels at the start and in Stre\u010dno CP.<\/mark><\/td><\/tr><tr><td class=\"has-text-align-center\" data-align=\"center\"><mark style=\"background-color:rgba(0, 0, 0, 0)\" class=\"has-inline-color has-accent-color\">At least EUR20 cash, just in case.<\/mark><\/td><\/tr><tr><td class=\"has-text-align-center\" data-align=\"center\"><mark style=\"background-color:rgba(0, 0, 0, 0)\" class=\"has-inline-color has-accent-color\">Personal ID<\/mark><\/td><\/tr><tr><td class=\"has-text-align-center\" data-align=\"center\"><mark style=\"background-color:rgba(0, 0, 0, 0)\" class=\"has-inline-color has-accent-color\">Insurance covering rescue by Mountain Rescue Services (HZS &#8211; Horsk\u00e1 z\u00e1chrann\u00e1 slu\u017eba) in Slovakia\nand is valid also for organized sport events and competitions<\/mark><\/td><\/tr><tr><td class=\"has-text-align-center\" data-align=\"center\"><mark style=\"background-color:rgba(0, 0, 0, 0)\" class=\"has-inline-color has-accent-color\">Bag for rubbish<\/mark><\/td><\/tr><tr><td class=\"has-text-align-center\" data-align=\"center\"><mark style=\"background-color:rgba(0, 0, 0, 0)\" class=\"has-inline-color has-accent-color\">Jacket with hood made of a waterproof (10,000 Schember) and breathable membrane<\/mark><\/td><\/tr><\/tbody><\/table><\/figure>\n\n\n\n<div style=\"height:50px\" aria-hidden=\"true\" class=\"wp-block-spacer\"><\/div>\n\n\n\n<p class=\"has-text-align-center\"><strong><mark style=\"background-color:rgba(0, 0, 0, 0)\" class=\"has-inline-color has-dark-gray-color\">MANDATORY EQUIPMENT FOR COLD, WINDY AND RAINY WEATHER<\/mark><\/strong><\/p>\n\n\n\n<figure class=\"wp-block-table alignfull\"><table class=\"has-fixed-layout\"><tbody><tr><td class=\"has-text-align-center\" data-align=\"center\"><mark style=\"background-color:rgba(0, 0, 0, 0)\" class=\"has-inline-color has-accent-color\">A warm second layer (between jacket and base layer) with long sleeves<\/mark><\/td><\/tr><\/tbody><\/table><\/figure>\n\n\n\n<div style=\"height:50px\" aria-hidden=\"true\" class=\"wp-block-spacer\"><\/div>\n\n\n\n<p class=\"has-text-align-center\"><strong><mark style=\"background-color:rgba(0, 0, 0, 0)\" class=\"has-inline-color has-dark-gray-color\">RECOMMENDED EQUIPMENT<\/mark><\/strong><\/p>\n\n\n\n<figure class=\"wp-block-table alignfull\"><table class=\"has-fixed-layout\"><tbody><tr><td class=\"has-text-align-center\" data-align=\"center\"><mark style=\"background-color:rgba(0, 0, 0, 0)\" class=\"has-inline-color has-accent-color\">Spare warm weather clothes (in case of bad weather)<\/mark><\/td><\/tr><tr><td class=\"has-text-align-center\" data-align=\"center\"><mark style=\"background-color:rgba(0, 0, 0, 0)\" class=\"has-inline-color has-accent-color\">Poles<\/mark><\/td><\/tr><tr><td class=\"has-text-align-center\" data-align=\"center\"><mark style=\"background-color:rgba(0, 0, 0, 0)\" class=\"has-inline-color has-accent-color\">Vaseline or another anti chafe cream<\/mark><\/td><\/tr><tr><td class=\"has-text-align-center\" data-align=\"center\"><mark style=\"background-color:rgba(0, 0, 0, 0)\" class=\"has-inline-color has-accent-color\">Bear bell<\/mark><\/td><\/tr><tr><td class=\"has-text-align-center\" data-align=\"center\"><mark style=\"background-color:rgba(0, 0, 0, 0)\" class=\"has-inline-color has-accent-color\">GPS watch<\/mark><\/td><\/tr><tr><td class=\"has-text-align-center\" data-align=\"center\"><mark style=\"background-color:rgba(0, 0, 0, 0)\" class=\"has-inline-color has-accent-color\">Small knife or scissors for bandage<\/mark><\/td><\/tr><tr><td class=\"has-text-align-center\" data-align=\"center\"><mark style=\"background-color:rgba(0, 0, 0, 0)\" class=\"has-inline-color has-accent-color\">Blister plasters <\/mark><\/td><\/tr><tr><td class=\"has-text-align-center\" data-align=\"center\"><mark style=\"background-color:rgba(0, 0, 0, 0)\" class=\"has-inline-color has-accent-color\">Power bank and relevant charging cables<\/mark><\/td><\/tr><\/tbody><\/table><\/figure>\n\n\n\n<div style=\"height:50px\" aria-hidden=\"true\" class=\"wp-block-spacer\"><\/div>\n\n","protected":false},"excerpt":{"rendered":"<p>As a participant you must carry the mandatory equipment with you during the whole race &#8211; from start to finish &#8211; or you will be penalized. Race stewards may check your equipment at any time during the race. Here is the overview of mandatory and recommended equipment. More details on mandatory equipment for different routes&hellip;<\/p>\n","protected":false},"author":1,"featured_media":0,"parent":0,"menu_order":0,"comment_status":"closed","ping_status":"closed","template":"","meta":{"om_disable_all_campaigns":false,"_uf_show_specific_survey":0,"_uf_disable_surveys":false,"footnotes":""},"class_list":["post-140","page","type-page","status-publish","hentry","description-off"],"yoast_head":"<!-- This site is optimized with the Yoast SEO plugin v26.5 - https:\/\/yoast.com\/wordpress\/plugins\/seo\/ -->\n<title>Mandatory and recommended equipment - Big Bears Ultra (English)<\/title>\n<meta name=\"description\" content=\"As a participant you must carry the mandatory equipment with you during the whole race - from start to finish - or you will be penalized. Race stewards may check your equipment at any time during the race. Here is the overview of mandatory and recommended equipment. More details can be found in Rules.\" \/>\n<meta name=\"robots\" content=\"index, follow, max-snippet:-1, max-image-preview:large, max-video-preview:-1\" \/>\n<link rel=\"canonical\" href=\"https:\/\/www.bigbearsultra.sk\/en\/mandatory-equipment\/\" \/>\n<meta property=\"og:locale\" content=\"en_US\" \/>\n<meta property=\"og:type\" content=\"article\" \/>\n<meta property=\"og:title\" content=\"Mandatory and recommended equipment - Big Bears Ultra (English)\" \/>\n<meta property=\"og:description\" content=\"As a participant you must carry the mandatory equipment with you during the whole race - from start to finish - or you will be penalized. Race stewards may check your equipment at any time during the race. Here is the overview of mandatory and recommended equipment. More details can be found in Rules.\" \/>\n<meta property=\"og:url\" content=\"https:\/\/www.bigbearsultra.sk\/en\/mandatory-equipment\/\" \/>\n<meta property=\"og:site_name\" content=\"Big Bears Ultra (English)\" \/>\n<meta property=\"article:modified_time\" content=\"2024-11-21T11:16:03+00:00\" \/>\n<meta name=\"twitter:card\" content=\"summary_large_image\" \/>\n<meta name=\"twitter:label1\" content=\"Est. reading time\" \/>\n\t<meta name=\"twitter:data1\" content=\"2 minutes\" \/>\n<script type=\"application\/ld+json\" class=\"yoast-schema-graph\">{\"@context\":\"https:\/\/schema.org\",\"@graph\":[{\"@type\":\"WebPage\",\"@id\":\"https:\/\/www.bigbearsultra.sk\/en\/mandatory-equipment\/\",\"url\":\"https:\/\/www.bigbearsultra.sk\/en\/mandatory-equipment\/\",\"name\":\"Mandatory and recommended equipment - Big Bears Ultra (English)\",\"isPartOf\":{\"@id\":\"https:\/\/www.bigbearsultra.sk\/en\/#website\"},\"datePublished\":\"2022-12-16T10:13:27+00:00\",\"dateModified\":\"2024-11-21T11:16:03+00:00\",\"description\":\"As a participant you must carry the mandatory equipment with you during the whole race - from start to finish - or you will be penalized. Race stewards may check your equipment at any time during the race. Here is the overview of mandatory and recommended equipment. More details can be found in Rules.\",\"breadcrumb\":{\"@id\":\"https:\/\/www.bigbearsultra.sk\/en\/mandatory-equipment\/#breadcrumb\"},\"inLanguage\":\"en-US\",\"potentialAction\":[{\"@type\":\"ReadAction\",\"target\":[\"https:\/\/www.bigbearsultra.sk\/en\/mandatory-equipment\/\"]}]},{\"@type\":\"BreadcrumbList\",\"@id\":\"https:\/\/www.bigbearsultra.sk\/en\/mandatory-equipment\/#breadcrumb\",\"itemListElement\":[{\"@type\":\"ListItem\",\"position\":1,\"name\":\"Home\",\"item\":\"https:\/\/www.bigbearsultra.sk\/en\/\"},{\"@type\":\"ListItem\",\"position\":2,\"name\":\"Mandatory and recommended equipment\"}]},{\"@type\":\"WebSite\",\"@id\":\"https:\/\/www.bigbearsultra.sk\/en\/#website\",\"url\":\"https:\/\/www.bigbearsultra.sk\/en\/\",\"name\":\"Big Bears Ultra (English)\",\"description\":\"\u017dilina Ultra Trail\",\"publisher\":{\"@id\":\"https:\/\/www.bigbearsultra.sk\/en\/#organization\"},\"potentialAction\":[{\"@type\":\"SearchAction\",\"target\":{\"@type\":\"EntryPoint\",\"urlTemplate\":\"https:\/\/www.bigbearsultra.sk\/en\/?s={search_term_string}\"},\"query-input\":{\"@type\":\"PropertyValueSpecification\",\"valueRequired\":true,\"valueName\":\"search_term_string\"}}],\"inLanguage\":\"en-US\"},{\"@type\":\"Organization\",\"@id\":\"https:\/\/www.bigbearsultra.sk\/en\/#organization\",\"name\":\"Big Bears Ultra (English)\",\"url\":\"https:\/\/www.bigbearsultra.sk\/en\/\",\"logo\":{\"@type\":\"ImageObject\",\"inLanguage\":\"en-US\",\"@id\":\"https:\/\/www.bigbearsultra.sk\/en\/#\/schema\/logo\/image\/\",\"url\":\"https:\/\/www.bigbearsultra.sk\/en\/wp-content\/uploads\/sites\/2\/2023\/03\/cropped-BigBearsUltra-logo-latest.png\",\"contentUrl\":\"https:\/\/www.bigbearsultra.sk\/en\/wp-content\/uploads\/sites\/2\/2023\/03\/cropped-BigBearsUltra-logo-latest.png\",\"width\":2971,\"height\":1246,\"caption\":\"Big Bears Ultra (English)\"},\"image\":{\"@id\":\"https:\/\/www.bigbearsultra.sk\/en\/#\/schema\/logo\/image\/\"}}]}<\/script>\n<!-- \/ Yoast SEO plugin. -->","yoast_head_json":{"title":"Mandatory and recommended equipment - Big Bears Ultra (English)","description":"As a participant you must carry the mandatory equipment with you during the whole race - from start to finish - or you will be penalized. Race stewards may check your equipment at any time during the race. Here is the overview of mandatory and recommended equipment. More details can be found in Rules.","robots":{"index":"index","follow":"follow","max-snippet":"max-snippet:-1","max-image-preview":"max-image-preview:large","max-video-preview":"max-video-preview:-1"},"canonical":"https:\/\/www.bigbearsultra.sk\/en\/mandatory-equipment\/","og_locale":"en_US","og_type":"article","og_title":"Mandatory and recommended equipment - Big Bears Ultra (English)","og_description":"As a participant you must carry the mandatory equipment with you during the whole race - from start to finish - or you will be penalized. Race stewards may check your equipment at any time during the race. Here is the overview of mandatory and recommended equipment. More details can be found in Rules.","og_url":"https:\/\/www.bigbearsultra.sk\/en\/mandatory-equipment\/","og_site_name":"Big Bears Ultra (English)","article_modified_time":"2024-11-21T11:16:03+00:00","twitter_card":"summary_large_image","twitter_misc":{"Est. reading time":"2 minutes"},"schema":{"@context":"https:\/\/schema.org","@graph":[{"@type":"WebPage","@id":"https:\/\/www.bigbearsultra.sk\/en\/mandatory-equipment\/","url":"https:\/\/www.bigbearsultra.sk\/en\/mandatory-equipment\/","name":"Mandatory and recommended equipment - Big Bears Ultra (English)","isPartOf":{"@id":"https:\/\/www.bigbearsultra.sk\/en\/#website"},"datePublished":"2022-12-16T10:13:27+00:00","dateModified":"2024-11-21T11:16:03+00:00","description":"As a participant you must carry the mandatory equipment with you during the whole race - from start to finish - or you will be penalized. Race stewards may check your equipment at any time during the race. Here is the overview of mandatory and recommended equipment. More details can be found in Rules.","breadcrumb":{"@id":"https:\/\/www.bigbearsultra.sk\/en\/mandatory-equipment\/#breadcrumb"},"inLanguage":"en-US","potentialAction":[{"@type":"ReadAction","target":["https:\/\/www.bigbearsultra.sk\/en\/mandatory-equipment\/"]}]},{"@type":"BreadcrumbList","@id":"https:\/\/www.bigbearsultra.sk\/en\/mandatory-equipment\/#breadcrumb","itemListElement":[{"@type":"ListItem","position":1,"name":"Home","item":"https:\/\/www.bigbearsultra.sk\/en\/"},{"@type":"ListItem","position":2,"name":"Mandatory and recommended equipment"}]},{"@type":"WebSite","@id":"https:\/\/www.bigbearsultra.sk\/en\/#website","url":"https:\/\/www.bigbearsultra.sk\/en\/","name":"Big Bears Ultra (English)","description":"\u017dilina Ultra Trail","publisher":{"@id":"https:\/\/www.bigbearsultra.sk\/en\/#organization"},"potentialAction":[{"@type":"SearchAction","target":{"@type":"EntryPoint","urlTemplate":"https:\/\/www.bigbearsultra.sk\/en\/?s={search_term_string}"},"query-input":{"@type":"PropertyValueSpecification","valueRequired":true,"valueName":"search_term_string"}}],"inLanguage":"en-US"},{"@type":"Organization","@id":"https:\/\/www.bigbearsultra.sk\/en\/#organization","name":"Big Bears Ultra (English)","url":"https:\/\/www.bigbearsultra.sk\/en\/","logo":{"@type":"ImageObject","inLanguage":"en-US","@id":"https:\/\/www.bigbearsultra.sk\/en\/#\/schema\/logo\/image\/","url":"https:\/\/www.bigbearsultra.sk\/en\/wp-content\/uploads\/sites\/2\/2023\/03\/cropped-BigBearsUltra-logo-latest.png","contentUrl":"https:\/\/www.bigbearsultra.sk\/en\/wp-content\/uploads\/sites\/2\/2023\/03\/cropped-BigBearsUltra-logo-latest.png","width":2971,"height":1246,"caption":"Big Bears Ultra (English)"},"image":{"@id":"https:\/\/www.bigbearsultra.sk\/en\/#\/schema\/logo\/image\/"}}]}},"_links":{"self":[{"href":"https:\/\/www.bigbearsultra.sk\/en\/wp-json\/wp\/v2\/pages\/140","targetHints":{"allow":["GET"]}}],"collection":[{"href":"https:\/\/www.bigbearsultra.sk\/en\/wp-json\/wp\/v2\/pages"}],"about":[{"href":"https:\/\/www.bigbearsultra.sk\/en\/wp-json\/wp\/v2\/types\/page"}],"author":[{"embeddable":true,"href":"https:\/\/www.bigbearsultra.sk\/en\/wp-json\/wp\/v2\/users\/1"}],"replies":[{"embeddable":true,"href":"https:\/\/www.bigbearsultra.sk\/en\/wp-json\/wp\/v2\/comments?post=140"}],"version-history":[{"count":5,"href":"https:\/\/www.bigbearsultra.sk\/en\/wp-json\/wp\/v2\/pages\/140\/revisions"}],"predecessor-version":[{"id":2613,"href":"https:\/\/www.bigbearsultra.sk\/en\/wp-json\/wp\/v2\/pages\/140\/revisions\/2613"}],"wp:attachment":[{"href":"https:\/\/www.bigbearsultra.sk\/en\/wp-json\/wp\/v2\/media?parent=140"}],"curies":[{"name":"wp","href":"https:\/\/api.w.org\/{rel}","templated":true}]}}