{"id":117,"date":"2022-11-24T12:13:35","date_gmt":"2022-11-24T12:13:35","guid":{"rendered":"https:\/\/www.bigbearsultra.sk\/en\/?page_id=117"},"modified":"2024-11-21T13:14:46","modified_gmt":"2024-11-21T13:14:46","slug":"partners","status":"publish","type":"page","link":"https:\/\/www.bigbearsultra.sk\/en\/partners\/","title":{"rendered":"Partners"},"content":{"rendered":"\n<div style=\"height:50px\" aria-hidden=\"true\" class=\"wp-block-spacer\"><\/div>\n\n\n\n<div class=\"wp-block-media-text alignwide is-stacked-on-mobile\" style=\"grid-template-columns:31% auto\"><figure class=\"wp-block-media-text__media\"><img fetchpriority=\"high\" decoding=\"async\" width=\"1024\" height=\"470\" src=\"https:\/\/www.bigbearsultra.sk\/en\/wp-content\/uploads\/sites\/2\/2023\/06\/ZSK_logo_rgb-1024x470.png\" alt=\"\" class=\"wp-image-296 size-full\" srcset=\"https:\/\/www.bigbearsultra.sk\/en\/wp-content\/uploads\/sites\/2\/2023\/06\/ZSK_logo_rgb-1024x470.png 1024w, https:\/\/www.bigbearsultra.sk\/en\/wp-content\/uploads\/sites\/2\/2023\/06\/ZSK_logo_rgb-300x138.png 300w, https:\/\/www.bigbearsultra.sk\/en\/wp-content\/uploads\/sites\/2\/2023\/06\/ZSK_logo_rgb-768x353.png 768w, https:\/\/www.bigbearsultra.sk\/en\/wp-content\/uploads\/sites\/2\/2023\/06\/ZSK_logo_rgb-1536x705.png 1536w, https:\/\/www.bigbearsultra.sk\/en\/wp-content\/uploads\/sites\/2\/2023\/06\/ZSK_logo_rgb.png 1814w\" sizes=\"(max-width: 1024px) 100vw, 1024px\" \/><\/figure><div class=\"wp-block-media-text__content\">\n<p>Big Bear&#8217;s Ultra is held under the auspices of <strong>the president  of <a href=\"https:\/\/www.zilinskazupa.sk\/en\/\" target=\"_blank\" rel=\"noreferrer noopener\">\u017dilina Self Governing Region<\/a><\/strong> Ms. Erika Jurinov\u00e1<\/p>\n<\/div><\/div>\n\n\n\n<div style=\"height:50px\" aria-hidden=\"true\" class=\"wp-block-spacer\"><\/div>\n\n\n\n<div class=\"wp-block-media-text alignwide is-stacked-on-mobile\" style=\"grid-template-columns:30% auto\"><figure class=\"wp-block-media-text__media\"><img decoding=\"async\" width=\"1024\" height=\"463\" src=\"https:\/\/www.bigbearsultra.sk\/en\/wp-content\/uploads\/sites\/2\/2023\/06\/logo_mesto_zilina-1024x463.png\" alt=\"\" class=\"wp-image-294 size-full\" srcset=\"https:\/\/www.bigbearsultra.sk\/en\/wp-content\/uploads\/sites\/2\/2023\/06\/logo_mesto_zilina-1024x463.png 1024w, https:\/\/www.bigbearsultra.sk\/en\/wp-content\/uploads\/sites\/2\/2023\/06\/logo_mesto_zilina-300x136.png 300w, https:\/\/www.bigbearsultra.sk\/en\/wp-content\/uploads\/sites\/2\/2023\/06\/logo_mesto_zilina-768x347.png 768w, https:\/\/www.bigbearsultra.sk\/en\/wp-content\/uploads\/sites\/2\/2023\/06\/logo_mesto_zilina-1536x694.png 1536w, https:\/\/www.bigbearsultra.sk\/en\/wp-content\/uploads\/sites\/2\/2023\/06\/logo_mesto_zilina.png 1733w\" sizes=\"(max-width: 1024px) 100vw, 1024px\" \/><\/figure><div class=\"wp-block-media-text__content\">\n<p>Big Bear&#8217;s Ultra is held under the auspices of <strong>the mayor of <a href=\"https:\/\/www.zilina.sk\" target=\"_blank\" rel=\"noreferrer noopener\">the city of \u017dilina<\/a><\/strong> Mr. Peter Fiab\u00e1ne<\/p>\n<\/div><\/div>\n\n\n\n<div style=\"height:50px\" aria-hidden=\"true\" class=\"wp-block-spacer\"><\/div>\n\n\n\n<div class=\"wp-block-media-text alignwide is-stacked-on-mobile\" style=\"grid-template-columns:30% auto\"><figure class=\"wp-block-media-text__media\"><img decoding=\"async\" src=\"https:\/\/www.bigbearsultra.sk\/wp-content\/uploads\/2022\/11\/PM-Budatin-2.png\" alt=\"\" class=\"wp-image-98 size-full\"\/><\/figure><div class=\"wp-block-media-text__content\">\n<p><a href=\"https:\/\/pmza.sk\/expozicie\/budatinsky-hrad\/\" target=\"_blank\" rel=\"noreferrer noopener\">Pova\u017esk\u00e9 Museum in \u017dilina, Budat\u00edn castle<\/a>, provides Big Bear&#8217;s Ultra with a beautiful  start \/ finish venue in their beautiful historical castle park. <a href=\"https:\/\/www.bigbearsultra.sk\/en\/budatin-castle\/\">Read more&#8230;<\/a><\/p>\n<\/div><\/div>\n\n\n\n<div style=\"height:50px\" aria-hidden=\"true\" class=\"wp-block-spacer\"><\/div>\n\n\n\n<div class=\"wp-block-media-text alignwide is-stacked-on-mobile\" style=\"grid-template-columns:32% auto\"><figure class=\"wp-block-media-text__media\"><img decoding=\"async\" width=\"1024\" height=\"1024\" src=\"https:\/\/www.bigbearsultra.sk\/en\/wp-content\/uploads\/sites\/2\/2024\/11\/T8_logo_square_white-blue-1-1024x1024.png\" alt=\"\" class=\"wp-image-2625 size-full\" srcset=\"https:\/\/www.bigbearsultra.sk\/en\/wp-content\/uploads\/sites\/2\/2024\/11\/T8_logo_square_white-blue-1-1024x1024.png 1024w, https:\/\/www.bigbearsultra.sk\/en\/wp-content\/uploads\/sites\/2\/2024\/11\/T8_logo_square_white-blue-1-300x300.png 300w, https:\/\/www.bigbearsultra.sk\/en\/wp-content\/uploads\/sites\/2\/2024\/11\/T8_logo_square_white-blue-1-150x150.png 150w, https:\/\/www.bigbearsultra.sk\/en\/wp-content\/uploads\/sites\/2\/2024\/11\/T8_logo_square_white-blue-1-768x768.png 768w, https:\/\/www.bigbearsultra.sk\/en\/wp-content\/uploads\/sites\/2\/2024\/11\/T8_logo_square_white-blue-1-1536x1536.png 1536w, https:\/\/www.bigbearsultra.sk\/en\/wp-content\/uploads\/sites\/2\/2024\/11\/T8_logo_square_white-blue-1.png 2000w\" sizes=\"(max-width: 1024px) 100vw, 1024px\" \/><\/figure><div class=\"wp-block-media-text__content\">\n<p>Ultra light, chafe free, supercool running apparel designed specifically for long runs. T8 Commandos underwear, T8 Sherpa shorts, T8 Iced Tee t-shirts and more &#8211; <a href=\"https:\/\/trailcentrum.sk\/t8typhoonwear\/\" target=\"_blank\" rel=\"noreferrer noopener\">more info here<\/a><\/p>\n<\/div><\/div>\n\n\n\n<div style=\"height:50px\" aria-hidden=\"true\" class=\"wp-block-spacer\"><\/div>\n\n\n\n<div class=\"wp-block-media-text alignwide is-stacked-on-mobile\" style=\"grid-template-columns:30% auto\"><figure class=\"wp-block-media-text__media\"><img loading=\"lazy\" decoding=\"async\" width=\"350\" height=\"104\" src=\"https:\/\/www.bigbearsultra.sk\/en\/wp-content\/uploads\/sites\/2\/2024\/11\/leki-logox1.jpg\" alt=\"\" class=\"wp-image-2530 size-full\" srcset=\"https:\/\/www.bigbearsultra.sk\/en\/wp-content\/uploads\/sites\/2\/2024\/11\/leki-logox1.jpg 350w, https:\/\/www.bigbearsultra.sk\/en\/wp-content\/uploads\/sites\/2\/2024\/11\/leki-logox1-300x89.jpg 300w\" sizes=\"(max-width: 350px) 100vw, 350px\" \/><\/figure><div class=\"wp-block-media-text__content\">\n<p>Prizes for BBU100+ and BBU60+ winners as well as the official partner of the LEKI time trial between CPs Stre\u010dno and Javorina.<\/p>\n<\/div><\/div>\n\n\n\n<div style=\"height:50px\" aria-hidden=\"true\" class=\"wp-block-spacer\"><\/div>\n\n\n\n<div class=\"wp-block-media-text alignwide is-stacked-on-mobile\" style=\"grid-template-columns:30% auto\"><figure class=\"wp-block-media-text__media\"><img loading=\"lazy\" decoding=\"async\" width=\"182\" height=\"90\" src=\"https:\/\/www.bigbearsultra.sk\/en\/wp-content\/uploads\/sites\/2\/2024\/11\/PETZL-logo.png\" alt=\"\" class=\"wp-image-2529 size-full\"\/><\/figure><div class=\"wp-block-media-text__content\">\n<p>PETZL &#8211; Technical partner of BBU (lighting)<\/p>\n<\/div><\/div>\n\n\n\n<div style=\"height:50px\" aria-hidden=\"true\" class=\"wp-block-spacer\"><\/div>\n\n\n\n<div class=\"wp-block-media-text alignwide is-stacked-on-mobile\" style=\"grid-template-columns:30% auto\"><figure class=\"wp-block-media-text__media\"><img loading=\"lazy\" decoding=\"async\" width=\"488\" height=\"465\" src=\"https:\/\/www.bigbearsultra.sk\/en\/wp-content\/uploads\/sites\/2\/2023\/03\/ZPHR.png\" alt=\"\" class=\"wp-image-250 size-full\" srcset=\"https:\/\/www.bigbearsultra.sk\/en\/wp-content\/uploads\/sites\/2\/2023\/03\/ZPHR.png 488w, https:\/\/www.bigbearsultra.sk\/en\/wp-content\/uploads\/sites\/2\/2023\/03\/ZPHR-300x286.png 300w\" sizes=\"(max-width: 488px) 100vw, 488px\" \/><\/figure><div class=\"wp-block-media-text__content\">\n<p><a href=\"https:\/\/www.hradhricov.sk\" target=\"_blank\" rel=\"noreferrer noopener\">The Association of Friends of Hri\u010dovsk\u00fd hrad<\/a>, provides Big Bear&#8217;s Ultra with a check point and refreshment venue at the foot of the Hri\u010dov castle. <a href=\"https:\/\/www.bigbearsultra.sk\/en\/hricov-castle\/\">Read more&#8230;<\/a><\/p>\n<\/div><\/div>\n\n\n\n<div style=\"height:50px\" aria-hidden=\"true\" class=\"wp-block-spacer\"><\/div>\n\n\n\n<div class=\"wp-block-media-text alignwide is-stacked-on-mobile\" style=\"grid-template-columns:30% auto\"><figure class=\"wp-block-media-text__media\"><img loading=\"lazy\" decoding=\"async\" width=\"290\" height=\"147\" src=\"https:\/\/www.bigbearsultra.sk\/en\/wp-content\/uploads\/sites\/2\/2024\/11\/20240411_Vratna_Logo-Mala-Fatra_Green_v01.jpg\" alt=\"\" class=\"wp-image-2527 size-full\"\/><\/figure><div class=\"wp-block-media-text__content\">\n<p>The venue at and cable car transport of volunteers and supplies to the CP3 at Snilovsk\u00e9 sedlo provides the Vr\u00e1tna Mal\u00e1 Fatra mountain resort.<\/p>\n<\/div><\/div>\n\n\n\n<div style=\"height:25px\" aria-hidden=\"true\" class=\"wp-block-spacer\"><\/div>\n\n\n\n<div class=\"wp-block-media-text alignwide is-stacked-on-mobile\" style=\"grid-template-columns:31% auto\"><figure class=\"wp-block-media-text__media\"><img loading=\"lazy\" decoding=\"async\" width=\"624\" height=\"314\" src=\"https:\/\/www.bigbearsultra.sk\/en\/wp-content\/uploads\/sites\/2\/2023\/08\/Bela.png\" alt=\"\" class=\"wp-image-312 size-full\" srcset=\"https:\/\/www.bigbearsultra.sk\/en\/wp-content\/uploads\/sites\/2\/2023\/08\/Bela.png 624w, https:\/\/www.bigbearsultra.sk\/en\/wp-content\/uploads\/sites\/2\/2023\/08\/Bela-300x151.png 300w\" sizes=\"(max-width: 624px) 100vw, 624px\" \/><\/figure><div class=\"wp-block-media-text__content\">\n<p>The venue and support for the timing and refreshment point before the big climb up to the Mal\u00e1 Fatra ridge line (on BBU100+ route) we are preparing for you in coordination with the municipality of <a href=\"https:\/\/www.bela.sk\" target=\"_blank\" rel=\"noreferrer noopener\">Bel\u00e1<\/a><\/p>\n<\/div><\/div>\n\n\n\n<div style=\"height:50px\" aria-hidden=\"true\" class=\"wp-block-spacer\"><\/div>\n\n\n\n<div class=\"wp-block-media-text alignwide is-stacked-on-mobile\" style=\"grid-template-columns:31% auto\"><figure class=\"wp-block-media-text__media\"><img loading=\"lazy\" decoding=\"async\" width=\"1024\" height=\"512\" src=\"https:\/\/www.bigbearsultra.sk\/en\/wp-content\/uploads\/sites\/2\/2023\/08\/CHPS-1024x512.jpg\" alt=\"\" class=\"wp-image-321 size-full\" srcset=\"https:\/\/www.bigbearsultra.sk\/en\/wp-content\/uploads\/sites\/2\/2023\/08\/CHPS-1024x512.jpg 1024w, https:\/\/www.bigbearsultra.sk\/en\/wp-content\/uploads\/sites\/2\/2023\/08\/CHPS-300x150.jpg 300w, https:\/\/www.bigbearsultra.sk\/en\/wp-content\/uploads\/sites\/2\/2023\/08\/CHPS-768x384.jpg 768w, https:\/\/www.bigbearsultra.sk\/en\/wp-content\/uploads\/sites\/2\/2023\/08\/CHPS-1536x768.jpg 1536w, https:\/\/www.bigbearsultra.sk\/en\/wp-content\/uploads\/sites\/2\/2023\/08\/CHPS-2048x1024.jpg 2048w\" sizes=\"(max-width: 1024px) 100vw, 1024px\" \/><\/figure><div class=\"wp-block-media-text__content\">\n<p>After navigating the ridge of Kriv\u00e1\u0148ska Mal\u00e1 Fatra the runners on the BBU100+ route will find at  <a href=\"http:\/\/www.chatapodsuchym.eu\" target=\"_blank\" rel=\"noreferrer noopener\">Chata pod Such\u00fdm<\/a>  the check point and refreshment station where they can recharge before the descent to Stre\u010dno.<\/p>\n<\/div><\/div>\n\n\n\n<div style=\"height:50px\" aria-hidden=\"true\" class=\"wp-block-spacer\"><\/div>\n\n\n\n<div class=\"wp-block-media-text alignwide is-stacked-on-mobile\" style=\"grid-template-columns:31% auto\"><figure class=\"wp-block-media-text__media\"><img loading=\"lazy\" decoding=\"async\" width=\"351\" height=\"197\" src=\"https:\/\/www.bigbearsultra.sk\/en\/wp-content\/uploads\/sites\/2\/2023\/06\/strecno-erb.png\" alt=\"\" class=\"wp-image-297 size-full\" srcset=\"https:\/\/www.bigbearsultra.sk\/en\/wp-content\/uploads\/sites\/2\/2023\/06\/strecno-erb.png 351w, https:\/\/www.bigbearsultra.sk\/en\/wp-content\/uploads\/sites\/2\/2023\/06\/strecno-erb-300x168.png 300w\" sizes=\"(max-width: 351px) 100vw, 351px\" \/><\/figure><div class=\"wp-block-media-text__content\">\n<p>The start of <strong>BBU60+<\/strong> and the CP5 of the <strong>BBU100+<\/strong> route are organized in the cooperation with the municipality of <a href=\"http:\/\/strecno.sk\" target=\"_blank\" rel=\"noreferrer noopener\">Stre\u010dno<\/a><\/p>\n<\/div><\/div>\n\n\n\n<div style=\"height:50px\" aria-hidden=\"true\" class=\"wp-block-spacer\"><\/div>\n\n\n\n<div class=\"wp-block-media-text alignwide is-stacked-on-mobile\" style=\"grid-template-columns:31% auto\"><figure class=\"wp-block-media-text__media\"><img loading=\"lazy\" decoding=\"async\" width=\"1024\" height=\"523\" src=\"https:\/\/www.bigbearsultra.sk\/en\/wp-content\/uploads\/sites\/2\/2023\/08\/Zbynov-1024x523.jpg\" alt=\"\" class=\"wp-image-318 size-full\" srcset=\"https:\/\/www.bigbearsultra.sk\/en\/wp-content\/uploads\/sites\/2\/2023\/08\/Zbynov-1024x523.jpg 1024w, https:\/\/www.bigbearsultra.sk\/en\/wp-content\/uploads\/sites\/2\/2023\/08\/Zbynov-300x153.jpg 300w, https:\/\/www.bigbearsultra.sk\/en\/wp-content\/uploads\/sites\/2\/2023\/08\/Zbynov-768x392.jpg 768w, https:\/\/www.bigbearsultra.sk\/en\/wp-content\/uploads\/sites\/2\/2023\/08\/Zbynov-1536x784.jpg 1536w, https:\/\/www.bigbearsultra.sk\/en\/wp-content\/uploads\/sites\/2\/2023\/08\/Zbynov-2048x1046.jpg 2048w\" sizes=\"(max-width: 1024px) 100vw, 1024px\" \/><\/figure><div class=\"wp-block-media-text__content\">\n<p>The <strong>Dielnice<\/strong> checkpoint, the vital station before probably the toughest section of the race will be run in coordination with the municipality of Zby\u0148ov<\/p>\n<\/div><\/div>\n\n\n\n<div style=\"height:50px\" aria-hidden=\"true\" class=\"wp-block-spacer\"><\/div>\n\n\n\n<div class=\"wp-block-media-text alignwide is-stacked-on-mobile\" style=\"grid-template-columns:31% auto\"><figure class=\"wp-block-media-text__media\"><img loading=\"lazy\" decoding=\"async\" width=\"351\" height=\"197\" src=\"https:\/\/www.bigbearsultra.sk\/en\/wp-content\/uploads\/sites\/2\/2023\/07\/Turie.jpg\" alt=\"\" class=\"wp-image-306 size-full\" srcset=\"https:\/\/www.bigbearsultra.sk\/en\/wp-content\/uploads\/sites\/2\/2023\/07\/Turie.jpg 351w, https:\/\/www.bigbearsultra.sk\/en\/wp-content\/uploads\/sites\/2\/2023\/07\/Turie-300x168.jpg 300w\" sizes=\"(max-width: 351px) 100vw, 351px\" \/><\/figure><div class=\"wp-block-media-text__content\">\n<p>The municipality of <a href=\"https:\/\/www.obecturie.sk\/\" target=\"_blank\" rel=\"noreferrer noopener\"><strong>Turie<\/strong><\/a> provides us with the venue for timing and refreshment point after the descent from L\u00fa\u010dansk\u00e1 Mal\u00e1 Fatra on <strong>BBU60+<\/strong> and <strong>BBU100+<\/strong> routes as well as the start venue for <strong>BBU40<\/strong>.<\/p>\n<\/div><\/div>\n\n\n\n<div style=\"height:50px\" aria-hidden=\"true\" class=\"wp-block-spacer\"><\/div>\n\n\n\n<div class=\"wp-block-media-text alignwide is-stacked-on-mobile\" style=\"grid-template-columns:31% auto\"><figure class=\"wp-block-media-text__media\"><img loading=\"lazy\" decoding=\"async\" width=\"624\" height=\"314\" src=\"https:\/\/www.bigbearsultra.sk\/en\/wp-content\/uploads\/sites\/2\/2023\/07\/Ovciarsko.png\" alt=\"\" class=\"wp-image-310 size-full\" srcset=\"https:\/\/www.bigbearsultra.sk\/en\/wp-content\/uploads\/sites\/2\/2023\/07\/Ovciarsko.png 624w, https:\/\/www.bigbearsultra.sk\/en\/wp-content\/uploads\/sites\/2\/2023\/07\/Ovciarsko-300x151.png 300w\" sizes=\"(max-width: 624px) 100vw, 624px\" \/><\/figure><div class=\"wp-block-media-text__content\">\n<p>The municipality of <a href=\"https:\/\/www.obecovciarsko.sk\" target=\"_blank\" rel=\"noreferrer noopener\">Ov\u010diarsko<\/a> provides us with the venue and support for the last timing and refreshment point before finish (on <strong>BBU60+<\/strong> and <strong>BBU100+<\/strong> routes).<\/p>\n<\/div><\/div>\n\n\n\n<div style=\"height:100px\" aria-hidden=\"true\" class=\"wp-block-spacer\"><\/div>\n","protected":false},"excerpt":{"rendered":"<p>Big Bear&#8217;s Ultra is held under the auspices of the president of \u017dilina Self Governing Region Ms. Erika Jurinov\u00e1 Big Bear&#8217;s Ultra is held under the auspices of the mayor of the city of \u017dilina Mr. Peter Fiab\u00e1ne Pova\u017esk\u00e9 Museum in \u017dilina, Budat\u00edn castle, provides Big Bear&#8217;s Ultra with a beautiful start \/ finish venue&hellip;<\/p>\n","protected":false},"author":1,"featured_media":0,"parent":0,"menu_order":0,"comment_status":"closed","ping_status":"closed","template":"","meta":{"om_disable_all_campaigns":false,"_uf_show_specific_survey":0,"_uf_disable_surveys":false,"footnotes":""},"class_list":["post-117","page","type-page","status-publish","hentry","description-off"],"yoast_head":"<!-- This site is optimized with the Yoast SEO plugin v26.5 - https:\/\/yoast.com\/wordpress\/plugins\/seo\/ -->\n<title>Partners - Big Bears Ultra (English)<\/title>\n<meta name=\"description\" content=\"Pova\u017esk\u00e9 Museum in \u017dilina, Budat\u00edn castle, provides Big Bear&#039;s Ultra with a beautiful start \/ finish venue in their beautiful historical castle park.\" \/>\n<meta name=\"robots\" content=\"index, follow, max-snippet:-1, max-image-preview:large, max-video-preview:-1\" \/>\n<link rel=\"canonical\" href=\"https:\/\/www.bigbearsultra.sk\/en\/partners\/\" \/>\n<meta property=\"og:locale\" content=\"en_US\" \/>\n<meta property=\"og:type\" content=\"article\" \/>\n<meta property=\"og:title\" content=\"Partners - Big Bears Ultra (English)\" \/>\n<meta property=\"og:description\" content=\"Pova\u017esk\u00e9 Museum in \u017dilina, Budat\u00edn castle, provides Big Bear&#039;s Ultra with a beautiful start \/ finish venue in their beautiful historical castle park.\" \/>\n<meta property=\"og:url\" content=\"https:\/\/www.bigbearsultra.sk\/en\/partners\/\" \/>\n<meta property=\"og:site_name\" content=\"Big Bears Ultra (English)\" \/>\n<meta property=\"article:modified_time\" content=\"2024-11-21T13:14:46+00:00\" \/>\n<meta property=\"og:image\" content=\"https:\/\/www.bigbearsultra.sk\/en\/wp-content\/uploads\/sites\/2\/2023\/06\/ZSK_logo_rgb.png\" \/>\n\t<meta property=\"og:image:width\" content=\"1814\" \/>\n\t<meta property=\"og:image:height\" content=\"833\" \/>\n\t<meta property=\"og:image:type\" content=\"image\/png\" \/>\n<meta name=\"twitter:card\" content=\"summary_large_image\" \/>\n<meta name=\"twitter:label1\" content=\"Est. reading time\" \/>\n\t<meta name=\"twitter:data1\" content=\"5 minutes\" \/>\n<script type=\"application\/ld+json\" class=\"yoast-schema-graph\">{\"@context\":\"https:\/\/schema.org\",\"@graph\":[{\"@type\":\"WebPage\",\"@id\":\"https:\/\/www.bigbearsultra.sk\/en\/partners\/\",\"url\":\"https:\/\/www.bigbearsultra.sk\/en\/partners\/\",\"name\":\"Partners - Big Bears Ultra (English)\",\"isPartOf\":{\"@id\":\"https:\/\/www.bigbearsultra.sk\/en\/#website\"},\"primaryImageOfPage\":{\"@id\":\"https:\/\/www.bigbearsultra.sk\/en\/partners\/#primaryimage\"},\"image\":{\"@id\":\"https:\/\/www.bigbearsultra.sk\/en\/partners\/#primaryimage\"},\"thumbnailUrl\":\"https:\/\/www.bigbearsultra.sk\/en\/wp-content\/uploads\/sites\/2\/2023\/06\/ZSK_logo_rgb-1024x470.png\",\"datePublished\":\"2022-11-24T12:13:35+00:00\",\"dateModified\":\"2024-11-21T13:14:46+00:00\",\"description\":\"Pova\u017esk\u00e9 Museum in \u017dilina, Budat\u00edn castle, provides Big Bear's Ultra with a beautiful start \/ finish venue in their beautiful historical castle park.\",\"breadcrumb\":{\"@id\":\"https:\/\/www.bigbearsultra.sk\/en\/partners\/#breadcrumb\"},\"inLanguage\":\"en-US\",\"potentialAction\":[{\"@type\":\"ReadAction\",\"target\":[\"https:\/\/www.bigbearsultra.sk\/en\/partners\/\"]}]},{\"@type\":\"ImageObject\",\"inLanguage\":\"en-US\",\"@id\":\"https:\/\/www.bigbearsultra.sk\/en\/partners\/#primaryimage\",\"url\":\"https:\/\/www.bigbearsultra.sk\/en\/wp-content\/uploads\/sites\/2\/2023\/06\/ZSK_logo_rgb.png\",\"contentUrl\":\"https:\/\/www.bigbearsultra.sk\/en\/wp-content\/uploads\/sites\/2\/2023\/06\/ZSK_logo_rgb.png\",\"width\":1814,\"height\":833},{\"@type\":\"BreadcrumbList\",\"@id\":\"https:\/\/www.bigbearsultra.sk\/en\/partners\/#breadcrumb\",\"itemListElement\":[{\"@type\":\"ListItem\",\"position\":1,\"name\":\"Home\",\"item\":\"https:\/\/www.bigbearsultra.sk\/en\/\"},{\"@type\":\"ListItem\",\"position\":2,\"name\":\"Partners\"}]},{\"@type\":\"WebSite\",\"@id\":\"https:\/\/www.bigbearsultra.sk\/en\/#website\",\"url\":\"https:\/\/www.bigbearsultra.sk\/en\/\",\"name\":\"Big Bears Ultra (English)\",\"description\":\"\u017dilina Ultra Trail\",\"publisher\":{\"@id\":\"https:\/\/www.bigbearsultra.sk\/en\/#organization\"},\"potentialAction\":[{\"@type\":\"SearchAction\",\"target\":{\"@type\":\"EntryPoint\",\"urlTemplate\":\"https:\/\/www.bigbearsultra.sk\/en\/?s={search_term_string}\"},\"query-input\":{\"@type\":\"PropertyValueSpecification\",\"valueRequired\":true,\"valueName\":\"search_term_string\"}}],\"inLanguage\":\"en-US\"},{\"@type\":\"Organization\",\"@id\":\"https:\/\/www.bigbearsultra.sk\/en\/#organization\",\"name\":\"Big Bears Ultra (English)\",\"url\":\"https:\/\/www.bigbearsultra.sk\/en\/\",\"logo\":{\"@type\":\"ImageObject\",\"inLanguage\":\"en-US\",\"@id\":\"https:\/\/www.bigbearsultra.sk\/en\/#\/schema\/logo\/image\/\",\"url\":\"https:\/\/www.bigbearsultra.sk\/en\/wp-content\/uploads\/sites\/2\/2023\/03\/cropped-BigBearsUltra-logo-latest.png\",\"contentUrl\":\"https:\/\/www.bigbearsultra.sk\/en\/wp-content\/uploads\/sites\/2\/2023\/03\/cropped-BigBearsUltra-logo-latest.png\",\"width\":2971,\"height\":1246,\"caption\":\"Big Bears Ultra (English)\"},\"image\":{\"@id\":\"https:\/\/www.bigbearsultra.sk\/en\/#\/schema\/logo\/image\/\"}}]}<\/script>\n<!-- \/ Yoast SEO plugin. -->","yoast_head_json":{"title":"Partners - Big Bears Ultra (English)","description":"Pova\u017esk\u00e9 Museum in \u017dilina, Budat\u00edn castle, provides Big Bear's Ultra with a beautiful start \/ finish venue in their beautiful historical castle park.","robots":{"index":"index","follow":"follow","max-snippet":"max-snippet:-1","max-image-preview":"max-image-preview:large","max-video-preview":"max-video-preview:-1"},"canonical":"https:\/\/www.bigbearsultra.sk\/en\/partners\/","og_locale":"en_US","og_type":"article","og_title":"Partners - Big Bears Ultra (English)","og_description":"Pova\u017esk\u00e9 Museum in \u017dilina, Budat\u00edn castle, provides Big Bear's Ultra with a beautiful start \/ finish venue in their beautiful historical castle park.","og_url":"https:\/\/www.bigbearsultra.sk\/en\/partners\/","og_site_name":"Big Bears Ultra (English)","article_modified_time":"2024-11-21T13:14:46+00:00","og_image":[{"width":1814,"height":833,"url":"https:\/\/www.bigbearsultra.sk\/en\/wp-content\/uploads\/sites\/2\/2023\/06\/ZSK_logo_rgb.png","type":"image\/png"}],"twitter_card":"summary_large_image","twitter_misc":{"Est. reading time":"5 minutes"},"schema":{"@context":"https:\/\/schema.org","@graph":[{"@type":"WebPage","@id":"https:\/\/www.bigbearsultra.sk\/en\/partners\/","url":"https:\/\/www.bigbearsultra.sk\/en\/partners\/","name":"Partners - Big Bears Ultra (English)","isPartOf":{"@id":"https:\/\/www.bigbearsultra.sk\/en\/#website"},"primaryImageOfPage":{"@id":"https:\/\/www.bigbearsultra.sk\/en\/partners\/#primaryimage"},"image":{"@id":"https:\/\/www.bigbearsultra.sk\/en\/partners\/#primaryimage"},"thumbnailUrl":"https:\/\/www.bigbearsultra.sk\/en\/wp-content\/uploads\/sites\/2\/2023\/06\/ZSK_logo_rgb-1024x470.png","datePublished":"2022-11-24T12:13:35+00:00","dateModified":"2024-11-21T13:14:46+00:00","description":"Pova\u017esk\u00e9 Museum in \u017dilina, Budat\u00edn castle, provides Big Bear's Ultra with a beautiful start \/ finish venue in their beautiful historical castle park.","breadcrumb":{"@id":"https:\/\/www.bigbearsultra.sk\/en\/partners\/#breadcrumb"},"inLanguage":"en-US","potentialAction":[{"@type":"ReadAction","target":["https:\/\/www.bigbearsultra.sk\/en\/partners\/"]}]},{"@type":"ImageObject","inLanguage":"en-US","@id":"https:\/\/www.bigbearsultra.sk\/en\/partners\/#primaryimage","url":"https:\/\/www.bigbearsultra.sk\/en\/wp-content\/uploads\/sites\/2\/2023\/06\/ZSK_logo_rgb.png","contentUrl":"https:\/\/www.bigbearsultra.sk\/en\/wp-content\/uploads\/sites\/2\/2023\/06\/ZSK_logo_rgb.png","width":1814,"height":833},{"@type":"BreadcrumbList","@id":"https:\/\/www.bigbearsultra.sk\/en\/partners\/#breadcrumb","itemListElement":[{"@type":"ListItem","position":1,"name":"Home","item":"https:\/\/www.bigbearsultra.sk\/en\/"},{"@type":"ListItem","position":2,"name":"Partners"}]},{"@type":"WebSite","@id":"https:\/\/www.bigbearsultra.sk\/en\/#website","url":"https:\/\/www.bigbearsultra.sk\/en\/","name":"Big Bears Ultra (English)","description":"\u017dilina Ultra Trail","publisher":{"@id":"https:\/\/www.bigbearsultra.sk\/en\/#organization"},"potentialAction":[{"@type":"SearchAction","target":{"@type":"EntryPoint","urlTemplate":"https:\/\/www.bigbearsultra.sk\/en\/?s={search_term_string}"},"query-input":{"@type":"PropertyValueSpecification","valueRequired":true,"valueName":"search_term_string"}}],"inLanguage":"en-US"},{"@type":"Organization","@id":"https:\/\/www.bigbearsultra.sk\/en\/#organization","name":"Big Bears Ultra (English)","url":"https:\/\/www.bigbearsultra.sk\/en\/","logo":{"@type":"ImageObject","inLanguage":"en-US","@id":"https:\/\/www.bigbearsultra.sk\/en\/#\/schema\/logo\/image\/","url":"https:\/\/www.bigbearsultra.sk\/en\/wp-content\/uploads\/sites\/2\/2023\/03\/cropped-BigBearsUltra-logo-latest.png","contentUrl":"https:\/\/www.bigbearsultra.sk\/en\/wp-content\/uploads\/sites\/2\/2023\/03\/cropped-BigBearsUltra-logo-latest.png","width":2971,"height":1246,"caption":"Big Bears Ultra (English)"},"image":{"@id":"https:\/\/www.bigbearsultra.sk\/en\/#\/schema\/logo\/image\/"}}]}},"_links":{"self":[{"href":"https:\/\/www.bigbearsultra.sk\/en\/wp-json\/wp\/v2\/pages\/117","targetHints":{"allow":["GET"]}}],"collection":[{"href":"https:\/\/www.bigbearsultra.sk\/en\/wp-json\/wp\/v2\/pages"}],"about":[{"href":"https:\/\/www.bigbearsultra.sk\/en\/wp-json\/wp\/v2\/types\/page"}],"author":[{"embeddable":true,"href":"https:\/\/www.bigbearsultra.sk\/en\/wp-json\/wp\/v2\/users\/1"}],"replies":[{"embeddable":true,"href":"https:\/\/www.bigbearsultra.sk\/en\/wp-json\/wp\/v2\/comments?post=117"}],"version-history":[{"count":5,"href":"https:\/\/www.bigbearsultra.sk\/en\/wp-json\/wp\/v2\/pages\/117\/revisions"}],"predecessor-version":[{"id":2628,"href":"https:\/\/www.bigbearsultra.sk\/en\/wp-json\/wp\/v2\/pages\/117\/revisions\/2628"}],"wp:attachment":[{"href":"https:\/\/www.bigbearsultra.sk\/en\/wp-json\/wp\/v2\/media?parent=117"}],"curies":[{"name":"wp","href":"https:\/\/api.w.org\/{rel}","templated":true}]}}